{"id":38,"date":"2023-11-14T09:53:31","date_gmt":"2023-11-14T08:53:31","guid":{"rendered":"https:\/\/francem.local\/?page_id=38"},"modified":"2024-07-09T10:40:41","modified_gmt":"2024-07-09T09:40:41","slug":"research-and-development","status":"publish","type":"page","link":"https:\/\/francem.fr\/en\/nos-savoir-faire\/recherche-developpement\/","title":{"rendered":"Research &amp; Development"},"content":{"rendered":"<section class=\"wp-block-uagb-container uagb-block-7173cdb3 alignfull uagb-is-root-container\"><div class=\"uagb-container-inner-blocks-wrap\">\n<div class=\"wp-block-uagb-container uagb-block-ccf559d2\">\n<div class=\"wp-block-uagb-advanced-heading uagb-block-cd87373e\"><h1 class=\"uagb-heading-text\">Research &amp; Development <mark class=\"uagb-highlight\">Development<\/mark><\/h1><\/div>\n<\/div>\n<\/div><\/section>\n\n\n\n<div class=\"wp-block-uagb-container uagb-block-19d44086 alignfull uagb-is-root-container\"><div class=\"uagb-container-inner-blocks-wrap\">\n<div class=\"wp-block-uagb-advanced-heading uagb-block-a8a54c06\"><h2 class=\"uagb-heading-text\">Design and development<\/h2><\/div>\n\n\n\n<div class=\"wp-block-uagb-advanced-heading uagb-block-9112c789\"><h2 class=\"uagb-heading-text\">\"your project, <mark class=\"uagb-highlight\">our expertise\".<\/mark><\/h2><\/div>\n<\/div><\/div>\n\n\n\n<section class=\"wp-block-uagb-container uagb-block-adabfbf1 alignfull uagb-is-root-container\"><div class=\"uagb-container-inner-blocks-wrap\">\n<div class=\"wp-block-uagb-container uagb-block-0f38bb86\">\n<div class=\"wp-block-uagb-container uagb-block-da990cc9\">\n<div class=\"wp-block-uagb-container uagb-block-4f1402c3\">\n<div class=\"wp-block-uagb-advanced-heading uagb-block-071698ff\"><h2 class=\"uagb-heading-text\">Development and manufacture of formulations and specific products<\/h2><\/div>\n\n\n\n<p class=\"has-black-body-color has-text-color has-link-color has-text-regular-font-size wp-elements-4402e35c440a1a1185148ebb130beb58\" style=\"margin-top:0px;margin-bottom:0px;padding-top:0px;padding-bottom:0px;font-style:normal;font-weight:500\">Over the years, we have become a key player in the automotive industry and in industry in general, with expertise in all aspects of project development (formulation, creation of tools and production).<\/p>\n\n\n\n<p class=\"has-black-body-color has-text-color has-link-color has-text-regular-font-size wp-elements-5878d6ad371d35fbe3db38ae8772c914\" style=\"margin-top:0px;margin-bottom:0px;padding-top:0px;padding-bottom:0px;font-style:normal;font-weight:400\">In order to strengthen our position in these sectors and continue our support approach, we follow our customers in their new locations and constantly innovate to provide competitive solutions to the requirements of their new markets. Today, we can produce EPDM, NBR, silicone, neoprene, mono, bi and tri-material products, moulded or cut parts, and have developed a range of TPE &amp; PVC thermoplastics. We are also continually investing in new equipment and processes (adhesive application, automatic bonding, mirror welding, surface treatment, etc.).<\/p>\n<\/div>\n\n\n\n<div class=\"wp-block-uagb-container uagb-block-964cd05f\">\n<div class=\"wp-block-uagb-advanced-heading uagb-block-86484fb5\"><h2 class=\"uagb-heading-text\">Development and manufacture of extrusion tools and special processes<\/h2><\/div>\n\n\n\n<p class=\"has-black-body-color has-text-color has-link-color has-text-regular-font-size wp-elements-9b5ecb7fcfbf5f36172d96283e5d1263\" style=\"margin-top:0px;margin-bottom:0px;padding-top:0px;padding-bottom:0px;font-style:normal;font-weight:500\">Francem also designs and manufactures its own manufacturing processes and extrusion tools.<\/p>\n\n\n\n<p class=\"has-black-body-color has-text-color has-link-color has-text-regular-font-size wp-elements-e57ec9455900b9fad475ad0f52b9c74a\" style=\"margin-top:0px;margin-bottom:0px;padding-top:0px;padding-bottom:0px;font-style:normal;font-weight:400\">In the interests of competitiveness and responsiveness, all special processes are developed in-house at Francem.<\/p>\n<\/div>\n<\/div>\n\n\n\n<div class=\"wp-block-uagb-container uagb-block-ca915dfc\">\n<div class=\"wp-block-uagb-image uagb-block-0460c083 wp-block-uagb-image--layout-default wp-block-uagb-image--effect-static wp-block-uagb-image--align-none\"><figure class=\"wp-block-uagb-image__figure\"><img decoding=\"async\" srcset=\"https:\/\/francem.fr\/app\/uploads\/2023\/12\/Image1.jpg ,https:\/\/francem.fr\/app\/uploads\/2023\/12\/Image1.jpg 780w, https:\/\/francem.fr\/app\/uploads\/2023\/12\/Image1.jpg 360w\" sizes=\"auto, (max-width: 480px) 150px\" src=\"https:\/\/francem.fr\/app\/uploads\/2023\/12\/Image1.jpg\" alt=\"\" class=\"uag-image-686\" width=\"401\" height=\"327\" title=\"\" loading=\"lazy\" role=\"img\"\/><\/figure><\/div>\n\n\n\n<div class=\"wp-block-uagb-image uagb-block-9db23454 wp-block-uagb-image--layout-default wp-block-uagb-image--effect-static wp-block-uagb-image--align-none\"><figure class=\"wp-block-uagb-image__figure\"><img decoding=\"async\" srcset=\"https:\/\/francem.fr\/app\/uploads\/2024\/01\/rd-2.jpg ,https:\/\/francem.fr\/app\/uploads\/2024\/01\/rd-2.jpg 780w, https:\/\/francem.fr\/app\/uploads\/2024\/01\/rd-2.jpg 360w\" sizes=\"auto, (max-width: 480px) 150px\" src=\"https:\/\/francem.fr\/app\/uploads\/2024\/01\/rd-2.jpg\" alt=\"\" class=\"uag-image-1139\" width=\"401\" height=\"327\" title=\"\" loading=\"lazy\" role=\"img\"\/><\/figure><\/div>\n<\/div>\n<\/div>\n\n\n\n<div class=\"wp-block-uagb-container uagb-block-395e3df3\">\n<div class=\"wp-block-uagb-container uagb-block-9118530c\">\n<p class=\"has-secondary-color has-text-color has-link-color has-text-small-font-size wp-elements-f455429a278b43f40e03c08ad5068c3d\" style=\"margin-top:0px;margin-bottom:0px;padding-top:0px;padding-bottom:0px;font-style:normal;font-weight:700\">ASSET 1<\/p>\n\n\n\n<div class=\"wp-block-uagb-separator uagb-block-c5a5786b\"><div class=\"wp-block-uagb-separator__inner\" style=\"--my-background-image:\"><\/div><\/div>\n\n\n\n<div class=\"wp-block-uagb-advanced-heading uagb-block-cb161c83\"><h2 class=\"uagb-heading-text\">On-site development laboratory<\/h2><\/div>\n<\/div>\n\n\n\n<div class=\"wp-block-uagb-container uagb-block-19f0ae34\">\n<p class=\"has-secondary-color has-text-color has-link-color has-text-small-font-size wp-elements-048596b617b3fe5da27f369c198079ca\" style=\"margin-top:0px;margin-bottom:0px;padding-top:0px;padding-bottom:0px;font-style:normal;font-weight:700\">ASSET 2<\/p>\n\n\n\n<div class=\"wp-block-uagb-separator uagb-block-f5084428\"><div class=\"wp-block-uagb-separator__inner\" style=\"--my-background-image:\"><\/div><\/div>\n\n\n\n<div class=\"wp-block-uagb-advanced-heading uagb-block-7a3dcf72\"><h2 class=\"uagb-heading-text\">A team of project managers at your service<\/h2><\/div>\n<\/div>\n\n\n\n<div class=\"wp-block-uagb-container uagb-block-f19ef979\">\n<p class=\"has-secondary-color has-text-color has-link-color has-text-small-font-size wp-elements-0870ed1b454377027285326c9d4059f8\" style=\"margin-top:0px;margin-bottom:0px;padding-top:0px;padding-bottom:0px;font-style:normal;font-weight:700\">ASSET 3<\/p>\n\n\n\n<div class=\"wp-block-uagb-separator uagb-block-67659f48\"><div class=\"wp-block-uagb-separator__inner\" style=\"--my-background-image:\"><\/div><\/div>\n\n\n\n<div class=\"wp-block-uagb-advanced-heading uagb-block-bd57de7b\"><h2 class=\"uagb-heading-text\">IATF 16949-certified design process<\/h2><\/div>\n<\/div>\n<\/div>\n<\/div><\/section>\n\n\n\n<section class=\"wp-block-uagb-container uagb-block-855d3d9b alignfull uagb-is-root-container\"><div class=\"uagb-container-inner-blocks-wrap\">\n<p class=\"has-text-align-left has-secondary-color has-text-color has-link-color has-heading-6-font-size wp-elements-2cad0a7542fb37779ba48f8e2e12cd3f\" style=\"margin-top:0px;margin-bottom:0px;font-style:normal;font-weight:600;letter-spacing:1.6px\">Tools<\/p>\n\n\n\n<div class=\"wp-block-uagb-advanced-heading uagb-block-e2093b40\"><h2 class=\"uagb-heading-text\">Our tools<\/h2><\/div>\n\n\n\n<div class=\"wp-block-uagb-container uagb-block-fd0fa3f6\">\n<div class=\"wp-block-uagb-advanced-heading uagb-block-d0b446f3\"><h3 class=\"uagb-heading-text\">Environmental chamber \/ Dynamometer<\/h3><\/div>\n\n\n\n<p class=\"has-black-body-color has-text-color has-link-color has-text-regular-font-size wp-elements-ec1876d51eae5111ab8fe90e9eb14251\" style=\"margin-top:0px;margin-bottom:0px;padding-top:0px;padding-bottom:0px\">Our dynamometer with extensometer option and our climatic chambers (hot, cold, humidity, cycles...) enable us to design formulations adapted to your specifications during the project phase, and to monitor the dynamic quality of parts during the production life phase.<\/p>\n<\/div>\n\n\n\n<div class=\"wp-block-uagb-container uagb-block-5e7072d7\">\n<div class=\"wp-block-uagb-image uagb-block-1b95e662 wp-block-uagb-image--layout-default wp-block-uagb-image--effect-static wp-block-uagb-image--align-none\"><figure class=\"wp-block-uagb-image__figure\"><img decoding=\"async\" srcset=\"https:\/\/francem.fr\/app\/uploads\/2023\/12\/Outils-1.jpg ,https:\/\/francem.fr\/app\/uploads\/2023\/12\/Outils-1.jpg 780w, https:\/\/francem.fr\/app\/uploads\/2023\/12\/Outils-1.jpg 360w\" sizes=\"auto, (max-width: 480px) 150px\" src=\"https:\/\/francem.fr\/app\/uploads\/2023\/12\/Outils-1.jpg\" alt=\"\" class=\"uag-image-780\" width=\"313\" height=\"360\" title=\"\" loading=\"lazy\" role=\"img\"\/><\/figure><\/div>\n\n\n\n<div class=\"wp-block-uagb-image uagb-block-4133c5e0 wp-block-uagb-image--layout-default wp-block-uagb-image--effect-static wp-block-uagb-image--align-none\"><figure class=\"wp-block-uagb-image__figure\"><img decoding=\"async\" srcset=\"https:\/\/francem.fr\/app\/uploads\/2023\/12\/Outils-3.jpg ,https:\/\/francem.fr\/app\/uploads\/2023\/12\/Outils-3.jpg 780w, https:\/\/francem.fr\/app\/uploads\/2023\/12\/Outils-3.jpg 360w\" sizes=\"auto, (max-width: 480px) 150px\" src=\"https:\/\/francem.fr\/app\/uploads\/2023\/12\/Outils-3.jpg\" alt=\"\" class=\"uag-image-782\" width=\"313\" height=\"360\" title=\"\" loading=\"lazy\" role=\"img\"\/><\/figure><\/div>\n\n\n\n<div class=\"wp-block-uagb-image uagb-block-6de236f8 wp-block-uagb-image--layout-default wp-block-uagb-image--effect-static wp-block-uagb-image--align-none\"><figure class=\"wp-block-uagb-image__figure\"><img decoding=\"async\" srcset=\"https:\/\/francem.fr\/app\/uploads\/2023\/12\/Outils-4.jpg ,https:\/\/francem.fr\/app\/uploads\/2023\/12\/Outils-4.jpg 780w, https:\/\/francem.fr\/app\/uploads\/2023\/12\/Outils-4.jpg 360w\" sizes=\"auto, (max-width: 480px) 150px\" src=\"https:\/\/francem.fr\/app\/uploads\/2023\/12\/Outils-4.jpg\" alt=\"\" class=\"uag-image-783\" width=\"313\" height=\"360\" title=\"\" loading=\"lazy\" role=\"img\"\/><\/figure><\/div>\n<\/div>\n<\/div><\/section>\n\n\n\n<section class=\"wp-block-uagb-container uagb-block-28ef982b alignfull uagb-is-root-container\"><div class=\"uagb-container-inner-blocks-wrap\">\n<div class=\"wp-block-uagb-buttons uagb-buttons__outer-wrap uagb-btn__default-btn uagb-btn-tablet__default-btn uagb-btn-mobile__default-btn uagb-block-591090c4\"><div class=\"uagb-buttons__wrap uagb-buttons-layout-wrap\">\n<div class=\"wp-block-uagb-buttons-child uagb-buttons__outer-wrap uagb-block-54e65d8d wp-block-button\"><div class=\"uagb-button__wrapper\"><a class=\"uagb-buttons-repeater wp-block-button__link\" aria-label=\"\" href=\"\/en\/our-expertise\/manufacturing-processes\/\" rel=\"follow noopener\" target=\"_self\" role=\"button\"><div class=\"uagb-button__link\">Manufacturing processes<\/div><\/a><\/div><\/div>\n\n\n\n<div class=\"wp-block-uagb-buttons-child uagb-buttons__outer-wrap uagb-block-8d4fc13a wp-block-button\"><div class=\"uagb-button__wrapper\"><a class=\"uagb-buttons-repeater wp-block-button__link\" aria-label=\"\" href=\"\/en\/our-expertise\/quality-certifications\/\" rel=\"follow noopener\" target=\"_self\" role=\"button\"><div class=\"uagb-button__link\">Quality &amp; Certifications<\/div><\/a><\/div><\/div>\n<\/div><\/div>\n<\/div><\/section>","protected":false},"excerpt":{"rendered":"<p>Recherche &amp; D\u00e9veloppement Conception et d\u00e9veloppement \u00ab\u00a0votre projet, notre savoir faire\u00a0\u00bb. D\u00e9veloppement et fabrication\u2028de formulation et produits sp\u00e9cifiques Ma\u00eetrisant l&rsquo;int\u00e9gralit\u00e9 du d\u00e9veloppement des projets (formulation, cr\u00e9ation des outils et production), nous sommes ainsi devenus au fil des ann\u00e9es un interlocuteur privil\u00e9gi\u00e9 dans le domaine de la construction automobile et de l&rsquo;industrie en g\u00e9n\u00e9ral. De mani\u00e8re [&hellip;]<\/p>\n","protected":false},"author":1,"featured_media":0,"parent":15,"menu_order":0,"comment_status":"closed","ping_status":"closed","template":"","meta":{"_acf_changed":false,"inline_featured_image":false,"_uag_custom_page_level_css":"","footnotes":""},"class_list":["post-38","page","type-page","status-publish","hentry"],"acf":[],"uagb_featured_image_src":{"full":false,"thumbnail":false,"medium":false,"medium_large":false,"large":false,"1536x1536":false,"2048x2048":false,"trp-custom-language-flag":false,"gform-image-choice-sm":false,"gform-image-choice-md":false,"gform-image-choice-lg":false},"uagb_author_info":{"display_name":"mentalworks","author_link":"https:\/\/francem.fr\/en\/actualite\/author\/mentalworks\/"},"uagb_comment_info":0,"uagb_excerpt":"Recherche &amp; D\u00e9veloppement Conception et d\u00e9veloppement \u00ab\u00a0votre projet, notre savoir faire\u00a0\u00bb. D\u00e9veloppement et fabrication\u2028de formulation et produits sp\u00e9cifiques Ma\u00eetrisant l&rsquo;int\u00e9gralit\u00e9 du d\u00e9veloppement des projets (formulation, cr\u00e9ation des outils et production), nous sommes ainsi devenus au fil des ann\u00e9es un interlocuteur privil\u00e9gi\u00e9 dans le domaine de la construction automobile et de l&rsquo;industrie en g\u00e9n\u00e9ral. De mani\u00e8re&hellip;","_links":{"self":[{"href":"https:\/\/francem.fr\/en\/wp-json\/wp\/v2\/pages\/38","targetHints":{"allow":["GET"]}}],"collection":[{"href":"https:\/\/francem.fr\/en\/wp-json\/wp\/v2\/pages"}],"about":[{"href":"https:\/\/francem.fr\/en\/wp-json\/wp\/v2\/types\/page"}],"author":[{"embeddable":true,"href":"https:\/\/francem.fr\/en\/wp-json\/wp\/v2\/users\/1"}],"replies":[{"embeddable":true,"href":"https:\/\/francem.fr\/en\/wp-json\/wp\/v2\/comments?post=38"}],"version-history":[{"count":42,"href":"https:\/\/francem.fr\/en\/wp-json\/wp\/v2\/pages\/38\/revisions"}],"predecessor-version":[{"id":1429,"href":"https:\/\/francem.fr\/en\/wp-json\/wp\/v2\/pages\/38\/revisions\/1429"}],"up":[{"embeddable":true,"href":"https:\/\/francem.fr\/en\/wp-json\/wp\/v2\/pages\/15"}],"wp:attachment":[{"href":"https:\/\/francem.fr\/en\/wp-json\/wp\/v2\/media?parent=38"}],"curies":[{"name":"wp","href":"https:\/\/api.w.org\/{rel}","templated":true}]}}