{"id":40,"date":"2023-11-14T09:53:48","date_gmt":"2023-11-14T08:53:48","guid":{"rendered":"https:\/\/francem.local\/?page_id=40"},"modified":"2025-03-20T18:16:02","modified_gmt":"2025-03-20T17:16:02","slug":"manufacturing-processes","status":"publish","type":"page","link":"https:\/\/francem.fr\/en\/nos-savoir-faire\/procedes-de-fabrication\/","title":{"rendered":"Manufacturing processes"},"content":{"rendered":"<section class=\"wp-block-uagb-container uagb-block-7173cdb3 alignfull uagb-is-root-container\"><div class=\"uagb-container-inner-blocks-wrap\">\n<div class=\"wp-block-uagb-container uagb-block-ccf559d2\">\n<div class=\"wp-block-uagb-advanced-heading uagb-block-cd87373e\"><h1 class=\"uagb-heading-text\">Competence <mark class=\"uagb-highlight\">men,<\/mark> tool performance<\/h1><\/div>\n<\/div>\n<\/div><\/section>\n\n\n\n<section class=\"wp-block-uagb-container uagb-block-8d6e7436 alignfull uagb-is-root-container\"><div class=\"uagb-container-inner-blocks-wrap\">\n<p class=\"has-primary-color has-text-color has-link-color has-heading-6-font-size wp-elements-f5f5cb734ffd667c1316567304f45015\" style=\"margin-top:0px;margin-bottom:0px;font-style:normal;font-weight:600;letter-spacing:1.6px\">3 steps<\/p>\n\n\n\n<div class=\"wp-block-uagb-advanced-heading uagb-block-753cd61b\"><h2 class=\"uagb-heading-text\">Our manufacturing processes<\/h2><\/div>\n\n\n\n<p class=\"has-black-body-color has-text-color has-link-color has-text-medium-font-size wp-elements-6897a75808e10d820fba78669ace0927\" style=\"margin-top:25px;margin-bottom:60px;padding-top:0px;padding-bottom:0px;font-style:normal;font-weight:500\">Enter the heart of our workshops and discover the different stages of production.<\/p>\n\n\n\n<div class=\"wp-block-uagb-container uagb-block-163b1823\">\n<div class=\"wp-block-uagb-container uagb-block-3b38ffb7\">\n<div class=\"wp-block-uagb-image alignleft uagb-block-e8d5fa76 wp-block-uagb-image--layout-default wp-block-uagb-image--effect-static wp-block-uagb-image--align-left\"><figure class=\"wp-block-uagb-image__figure\"><img decoding=\"async\" srcset=\"https:\/\/francem.fr\/app\/uploads\/2024\/02\/image-19.png ,https:\/\/francem.fr\/app\/uploads\/2024\/02\/image-19.png 780w, https:\/\/francem.fr\/app\/uploads\/2024\/02\/image-19.png 360w\" sizes=\"auto, (max-width: 480px) 150px\" src=\"https:\/\/francem.fr\/app\/uploads\/2024\/02\/image-19.png\" alt=\"\" class=\"uag-image-1365\" width=\"1872\" height=\"1428\" title=\"\" loading=\"lazy\" role=\"img\"\/><\/figure><\/div>\n\n\n\n<div class=\"wp-block-uagb-container uagb-block-575472db\">\n<p class=\"has-primary-color has-text-color has-link-color has-heading-6-font-size wp-elements-18c0160e73263d8e199a28f252dfee03\" style=\"margin-top:0px;margin-bottom:5px;padding-top:0px;padding-bottom:0px;font-style:normal;font-weight:700\">Step 1<\/p>\n\n\n\n<div class=\"wp-block-uagb-advanced-heading uagb-block-2054bcfd\"><h3 class=\"uagb-heading-text\">Mix<\/h3><\/div>\n\n\n\n<p class=\"has-black-body-color has-text-color has-link-color has-text-medium-font-size wp-elements-258469299d87edfe21814601e9695ea0\" style=\"margin-top:10px;margin-bottom:30px;padding-top:0px;padding-bottom:0px;font-style:normal;font-weight:500\">Our production lines enable us to produce clear and black base blends, based on the various standards (FDA, AFNOR, ASC, WRAS, BFR, etc.) and customer specifications or specific formulations developed by Francem.<\/p>\n\n\n\n<div class=\"wp-block-uagb-buttons uagb-buttons__outer-wrap uagb-btn__default-btn uagb-btn-tablet__default-btn uagb-btn-mobile__default-btn uagb-block-d54aad44\"><div class=\"uagb-buttons__wrap uagb-buttons-layout-wrap\">\n<div class=\"wp-block-uagb-buttons-child uagb-buttons__outer-wrap uagb-block-2a454193 wp-block-button\"><div class=\"uagb-button__wrapper\"><a class=\"uagb-buttons-repeater wp-block-button__link\" aria-label=\"\" href=\"\/en\/our-expertise\/manufacturing-processes\/mix\/\" rel=\"follow noopener\" target=\"_self\" role=\"button\"><div class=\"uagb-button__link\">Find out more<\/div><\/a><\/div><\/div>\n<\/div><\/div>\n<\/div>\n<\/div>\n\n\n\n<div class=\"wp-block-uagb-container uagb-block-4969263b\">\n<div class=\"wp-block-uagb-image uagb-block-e362432f wp-block-uagb-image--layout-default wp-block-uagb-image--effect-static wp-block-uagb-image--align-none\"><figure class=\"wp-block-uagb-image__figure\"><img decoding=\"async\" srcset=\"https:\/\/francem.fr\/app\/uploads\/2024\/02\/image-20.png ,https:\/\/francem.fr\/app\/uploads\/2024\/02\/image-20.png 780w, https:\/\/francem.fr\/app\/uploads\/2024\/02\/image-20.png 360w\" sizes=\"auto, (max-width: 480px) 150px\" src=\"https:\/\/francem.fr\/app\/uploads\/2024\/02\/image-20.png\" alt=\"\" class=\"uag-image-1367\" width=\"404\" height=\"250\" title=\"\" loading=\"lazy\" role=\"img\"\/><\/figure><\/div>\n\n\n\n<div class=\"wp-block-uagb-container uagb-block-5f5c7a52\">\n<p class=\"has-primary-color has-text-color has-link-color has-heading-6-font-size wp-elements-e10b4490678f0d7b4bd8134e5ee9f616\" style=\"margin-top:0px;margin-bottom:5px;padding-top:0px;padding-bottom:0px;font-style:normal;font-weight:700\">Step 2<\/p>\n\n\n\n<div class=\"wp-block-uagb-advanced-heading uagb-block-0967635a\"><h3 class=\"uagb-heading-text\">Extrusion<\/h3><\/div>\n\n\n\n<p class=\"has-black-body-color has-text-color has-link-color has-text-medium-font-size wp-elements-203a46c4a4c4ecb766023c2c59eb648f\" style=\"margin-top:10px;margin-bottom:30px;padding-top:0px;padding-bottom:0px;font-style:normal;font-weight:500\">Equipped with 4 hot air lines + 1 salt bath line and infrared shock ovens, our company produces over 60 million meters of extruded profiles a year, from the simplest to the most elaborate, with cross-sections ranging from 0.5 mm to 250 mm.<\/p>\n\n\n\n<div class=\"wp-block-uagb-buttons uagb-buttons__outer-wrap uagb-btn__default-btn uagb-btn-tablet__default-btn uagb-btn-mobile__default-btn uagb-block-1a96cbe2\"><div class=\"uagb-buttons__wrap uagb-buttons-layout-wrap\">\n<div class=\"wp-block-uagb-buttons-child uagb-buttons__outer-wrap uagb-block-e071c222 wp-block-button\"><div class=\"uagb-button__wrapper\"><a class=\"uagb-buttons-repeater wp-block-button__link\" aria-label=\"\" href=\"\/en\/our-expertise\/manufacturing-processes\/extrusion\/\" rel=\"follow noopener\" target=\"_self\" role=\"button\"><div class=\"uagb-button__link\">Find out more<\/div><\/a><\/div><\/div>\n<\/div><\/div>\n<\/div>\n<\/div>\n\n\n\n<div class=\"wp-block-uagb-container uagb-block-e692732e\">\n<div class=\"wp-block-uagb-image uagb-block-64490ec4 wp-block-uagb-image--layout-default wp-block-uagb-image--effect-static wp-block-uagb-image--align-none\"><figure class=\"wp-block-uagb-image__figure\"><img decoding=\"async\" srcset=\"https:\/\/francem.fr\/app\/uploads\/2023\/12\/Finitions.jpg ,https:\/\/francem.fr\/app\/uploads\/2023\/12\/Finitions.jpg 780w, https:\/\/francem.fr\/app\/uploads\/2023\/12\/Finitions.jpg 360w\" sizes=\"auto, (max-width: 480px) 150px\" src=\"https:\/\/francem.fr\/app\/uploads\/2023\/12\/Finitions.jpg\" alt=\"\" class=\"uag-image-712\" width=\"404\" height=\"250\" title=\"\" loading=\"lazy\" role=\"img\"\/><\/figure><\/div>\n\n\n\n<div class=\"wp-block-uagb-container uagb-block-c9356856\">\n<p class=\"has-primary-color has-text-color has-link-color has-heading-6-font-size wp-elements-91f3d89e148e8ae55e5ac64d52567c4b\" style=\"margin-top:0px;margin-bottom:5px;padding-top:0px;padding-bottom:0px;font-style:normal;font-weight:700\">Step 3<\/p>\n\n\n\n<div class=\"wp-block-uagb-advanced-heading uagb-block-6ee53328\"><h3 class=\"uagb-heading-text\">Finish<\/h3><\/div>\n\n\n\n<p class=\"has-black-body-color has-text-color has-link-color has-text-medium-font-size wp-elements-496a9f39ed8f71c0c70da018b0f13714\" style=\"margin-top:10px;margin-bottom:30px;padding-top:0px;padding-bottom:0px;font-style:normal;font-weight:500\">Double-sided or heat-sealed adhesives are applied to extruded profiles: compact, cellular or bi-material.<br>The bonding sector is the final stage in the production of our products.<\/p>\n\n\n\n<div class=\"wp-block-uagb-buttons uagb-buttons__outer-wrap uagb-btn__default-btn uagb-btn-tablet__default-btn uagb-btn-mobile__default-btn uagb-block-69bb1b8d\"><div class=\"uagb-buttons__wrap uagb-buttons-layout-wrap\">\n<div class=\"wp-block-uagb-buttons-child uagb-buttons__outer-wrap uagb-block-94c8787a wp-block-button\"><div class=\"uagb-button__wrapper\"><a class=\"uagb-buttons-repeater wp-block-button__link\" aria-label=\"\" href=\"\/en\/our-expertise\/manufacturing-processes\/finishes\/\" rel=\"follow noopener\" target=\"_self\" role=\"button\"><div class=\"uagb-button__link\">Find out more<\/div><\/a><\/div><\/div>\n<\/div><\/div>\n<\/div>\n<\/div>\n<\/div>\n<\/div><\/section>\n\n\n\n<section class=\"wp-block-uagb-container uagb-block-e5ef9651 alignfull uagb-is-root-container\"><div class=\"uagb-container-inner-blocks-wrap\">\n<div class=\"wp-block-uagb-container uagb-block-1a07bdb3\">\n<div class=\"wp-block-uagb-container uagb-block-feced140\">\n<div class=\"wp-block-uagb-image uagb-block-541f9130 wp-block-uagb-image--layout-default wp-block-uagb-image--effect-static wp-block-uagb-image--align-none\"><figure class=\"wp-block-uagb-image__figure\"><img decoding=\"async\" srcset=\"https:\/\/francem.fr\/app\/uploads\/2024\/02\/Card-Thomas-Grandval.jpg ,https:\/\/francem.fr\/app\/uploads\/2024\/02\/Card-Thomas-Grandval.jpg 780w, https:\/\/francem.fr\/app\/uploads\/2024\/02\/Card-Thomas-Grandval.jpg 360w\" sizes=\"auto, (max-width: 480px) 150px\" src=\"https:\/\/francem.fr\/app\/uploads\/2024\/02\/Card-Thomas-Grandval.jpg\" alt=\"\" class=\"uag-image-1320\" width=\"330\" height=\"329\" title=\"\" loading=\"lazy\" role=\"img\"\/><\/figure><\/div>\n<\/div>\n\n\n\n<div class=\"wp-block-uagb-container uagb-block-ce775b9c\">\n<div class=\"wp-block-uagb-advanced-heading uagb-block-e909b3d8\"><h2 class=\"uagb-heading-text\">Thomas GRANDVAL<\/h2><\/div>\n\n\n\n<p class=\"has-secondary-color has-text-color has-link-color has-work-sans-font-family has-heading-6-font-size wp-elements-b51ba370be138123430d0c380e87db40\" style=\"margin-top:10px;margin-bottom:20px;padding-top:0px;padding-bottom:0px;font-style:normal;font-weight:600\">Industrial Director<\/p>\n\n\n\n<p class=\"has-black-body-color has-text-color has-link-color has-work-sans-font-family has-text-medium-font-size wp-elements-ced7981c55a36f6aaa8de08a04c570c4\" style=\"margin-top:0px;margin-bottom:10px;padding-top:0px;padding-bottom:0px\"><strong>Safety, environmental issues, deadlines and the quality of our products are at the heart of our daily concerns.<\/strong><\/p>\n\n\n\n<p class=\"has-black-body-color has-text-color has-link-color has-work-sans-font-family has-text-medium-font-size wp-elements-f9b11d6cae48600227c77dc04dd9fdb5\" style=\"margin-top:0px;margin-bottom:10px;padding-top:0px;padding-bottom:0px\">Backed by many years' experience, Francem's teams do everything in their power to deliver to our customers on time and on budget.<\/p>\n\n\n\n<p class=\"has-black-body-color has-text-color has-link-color has-work-sans-font-family has-text-medium-font-size wp-elements-3ee639c00cc9b8206a3475a37b459c58\" style=\"margin-top:0px;margin-bottom:10px;padding-top:0px;padding-bottom:0px\">A multi-disciplinary industrial team, total control of the design chain (design of rubber compounds, dies and tooling, machines, PLCs, inspection equipment, etc.) combined with experienced production teams enable us to fully meet our customers' expectations.<\/p>\n<\/div>\n<\/div>\n<\/div><\/section>\n\n\n\n<section class=\"wp-block-uagb-container uagb-block-28ef982b alignfull uagb-is-root-container\"><div class=\"uagb-container-inner-blocks-wrap\">\n<div class=\"wp-block-uagb-buttons uagb-buttons__outer-wrap uagb-btn__default-btn uagb-btn-tablet__default-btn uagb-btn-mobile__default-btn uagb-block-591090c4\"><div class=\"uagb-buttons__wrap uagb-buttons-layout-wrap\">\n<div class=\"wp-block-uagb-buttons-child uagb-buttons__outer-wrap uagb-block-54e65d8d wp-block-button\"><div class=\"uagb-button__wrapper\"><a class=\"uagb-buttons-repeater wp-block-button__link\" aria-label=\"\" href=\"\/en\/our-expertise\/research-and-development\/\" rel=\"follow noopener\" target=\"_self\" role=\"button\"><div class=\"uagb-button__link\">Research &amp; Development<\/div><\/a><\/div><\/div>\n\n\n\n<div class=\"wp-block-uagb-buttons-child uagb-buttons__outer-wrap uagb-block-8d4fc13a wp-block-button\"><div class=\"uagb-button__wrapper\"><a class=\"uagb-buttons-repeater wp-block-button__link\" aria-label=\"\" href=\"\/en\/our-expertise\/quality-certifications\/\" rel=\"follow noopener\" target=\"_self\" role=\"button\"><div class=\"uagb-button__link\">Quality &amp; Certifications<\/div><\/a><\/div><\/div>\n<\/div><\/div>\n<\/div><\/section>","protected":false},"excerpt":{"rendered":"<p>La comp\u00e9tence des hommes, la performance des outils 3 \u00e9tapes Nos proc\u00e9d\u00e9s de fabrication Entrez au c\u0153ur de nos ateliers et d\u00e9couvrez nos \u00e9tapes de fabrication. \u00c9tape 1 M\u00e9lange Nos lignes de production permettent de r\u00e9aliser les m\u00e9langes base claire et noire, \u00e0 partir des diff\u00e9rentes normes (FDA, AFNOR, ASC, WRAS, BFR\u2026) et cahiers des [&hellip;]<\/p>\n","protected":false},"author":1,"featured_media":0,"parent":15,"menu_order":0,"comment_status":"closed","ping_status":"closed","template":"","meta":{"_acf_changed":false,"inline_featured_image":false,"_uag_custom_page_level_css":"","footnotes":""},"class_list":["post-40","page","type-page","status-publish","hentry"],"acf":[],"uagb_featured_image_src":{"full":false,"thumbnail":false,"medium":false,"medium_large":false,"large":false,"1536x1536":false,"2048x2048":false,"trp-custom-language-flag":false,"gform-image-choice-sm":false,"gform-image-choice-md":false,"gform-image-choice-lg":false},"uagb_author_info":{"display_name":"mentalworks","author_link":"https:\/\/francem.fr\/en\/actualite\/author\/mentalworks\/"},"uagb_comment_info":0,"uagb_excerpt":"La comp\u00e9tence des hommes, la performance des outils 3 \u00e9tapes Nos proc\u00e9d\u00e9s de fabrication Entrez au c\u0153ur de nos ateliers et d\u00e9couvrez nos \u00e9tapes de fabrication. \u00c9tape 1 M\u00e9lange Nos lignes de production permettent de r\u00e9aliser les m\u00e9langes base claire et noire, \u00e0 partir des diff\u00e9rentes normes (FDA, AFNOR, ASC, WRAS, BFR\u2026) et cahiers des&hellip;","_links":{"self":[{"href":"https:\/\/francem.fr\/en\/wp-json\/wp\/v2\/pages\/40","targetHints":{"allow":["GET"]}}],"collection":[{"href":"https:\/\/francem.fr\/en\/wp-json\/wp\/v2\/pages"}],"about":[{"href":"https:\/\/francem.fr\/en\/wp-json\/wp\/v2\/types\/page"}],"author":[{"embeddable":true,"href":"https:\/\/francem.fr\/en\/wp-json\/wp\/v2\/users\/1"}],"replies":[{"embeddable":true,"href":"https:\/\/francem.fr\/en\/wp-json\/wp\/v2\/comments?post=40"}],"version-history":[{"count":32,"href":"https:\/\/francem.fr\/en\/wp-json\/wp\/v2\/pages\/40\/revisions"}],"predecessor-version":[{"id":1508,"href":"https:\/\/francem.fr\/en\/wp-json\/wp\/v2\/pages\/40\/revisions\/1508"}],"up":[{"embeddable":true,"href":"https:\/\/francem.fr\/en\/wp-json\/wp\/v2\/pages\/15"}],"wp:attachment":[{"href":"https:\/\/francem.fr\/en\/wp-json\/wp\/v2\/media?parent=40"}],"curies":[{"name":"wp","href":"https:\/\/api.w.org\/{rel}","templated":true}]}}