{"id":42,"date":"2023-11-14T09:54:03","date_gmt":"2023-11-14T08:54:03","guid":{"rendered":"https:\/\/francem.local\/?page_id=42"},"modified":"2025-12-16T12:25:05","modified_gmt":"2025-12-16T11:25:05","slug":"quality-certifications","status":"publish","type":"page","link":"https:\/\/francem.fr\/en\/nos-savoir-faire\/qualites-certifications\/","title":{"rendered":"Quality &amp; Certifications"},"content":{"rendered":"<section class=\"wp-block-uagb-container uagb-block-7173cdb3 alignfull uagb-is-root-container\"><div class=\"uagb-container-inner-blocks-wrap\">\n<div class=\"wp-block-uagb-container uagb-block-ccf559d2\">\n<div class=\"wp-block-uagb-advanced-heading uagb-block-cd87373e\"><h1 class=\"uagb-heading-text\">Qualities <mark class=\"uagb-highlight\">Certifications<\/mark><\/h1><\/div>\n<\/div>\n<\/div><\/section>\n\n\n\n<section class=\"wp-block-uagb-container uagb-block-4210152c alignfull uagb-is-root-container\"><div class=\"uagb-container-inner-blocks-wrap\">\n<div class=\"wp-block-uagb-container uagb-block-e1f99894\">\n<div class=\"wp-block-uagb-advanced-heading uagb-block-78d7d81c\"><h2 class=\"uagb-heading-text\">Quality<\/h2><\/div>\n<\/div>\n\n\n\n<div class=\"wp-block-uagb-container uagb-block-356e569a\">\n<div class=\"wp-block-uagb-container uagb-block-bf16277d\">\n<p class=\"has-black-body-color has-text-color has-link-color has-text-regular-font-size wp-elements-e9dd0d5d4397611b7e65f580fc8cd22a\" style=\"margin-top:0px;margin-bottom:0px;font-style:normal;font-weight:500\">By pooling our skills, we are committed to satisfying the requirements of our customers, current standards and regulations, and to involving our suppliers and partners in our quest for innovation and continuous improvement in the competitiveness of our products and services.<\/p>\n\n\n\n<p class=\"has-black-body-color has-text-color has-link-color has-text-regular-font-size wp-elements-3c5e95172d01449c3dfbb68c41931c4e\" style=\"margin-top:25px;margin-bottom:0px\">We are determined to consolidate the growth, profitability and sustainability of our business through training, communication and quality control, by investing in and continually developing new technologies to optimise our products and processes.<\/p>\n<\/div>\n\n\n\n<div class=\"wp-block-uagb-container uagb-block-acaf930d\">\n<p class=\"has-black-body-color has-text-color has-link-color has-text-regular-font-size wp-elements-64b674b78e65d8547e849ad7ee46d5b4\" style=\"margin-top:0px;margin-bottom:0px;font-style:normal;font-weight:500\">The Francem Quality team leads and develops all Francem's stakeholders, suppliers, service providers, partners and employees, with the aim of delivering a compliant product to the customer.<\/p>\n\n\n\n<ul style=\"font-style:normal;font-weight:500\" class=\"wp-block-list has-black-body-color has-text-color has-link-color has-text-medium-font-size wp-elements-d6d96c31ae4e74ca3f4431635b174d84\">\n<li>ISO9001, IATF 16949 and ISO14001 certified site<\/li>\n\n\n\n<li>ECOVADIS Gold rating<\/li>\n\n\n\n<li>Quality policy focused on customer satisfaction and development<\/li>\n\n\n\n<li>On-line 100% control integration (dimensional, appearance, etc.)<\/li>\n\n\n\n<li>High-tech control equipment (dynamometer and extensometer, climatic chambers, instant camera control, densimeter, etc.)<\/li>\n<\/ul>\n<\/div>\n<\/div>\n<\/div><\/section>\n\n\n\n<div class=\"wp-block-uagb-container uagb-block-c02537bf alignfull uagb-is-root-container\"><div class=\"uagb-container-inner-blocks-wrap\">\n<div class=\"wp-block-uagb-container uagb-block-ebeee7ef\">\n<p class=\"has-text-align-center has-secondary-color has-text-color has-link-color has-heading-6-font-size wp-elements-aa896dcaa0485b6ccb92ab18515aa689\" style=\"margin-top:0px;margin-bottom:0px;font-style:normal;font-weight:600;letter-spacing:1.6px\">Certifications<\/p>\n\n\n\n<div class=\"wp-block-uagb-advanced-heading uagb-block-e2093b40\"><h2 class=\"uagb-heading-text\">Our various certifications<\/h2><\/div>\n<\/div>\n\n\n\n<div class=\"wp-block-uagb-container uagb-block-6a9ac0a4\">\n<div class=\"wp-block-uagb-container uagb-block-9118530c\">\n<div class=\"wp-block-uagb-container uagb-block-84937774\">\n<div class=\"wp-block-uagb-image uagb-block-22b17b2d wp-block-uagb-image--layout-default wp-block-uagb-image--effect-static wp-block-uagb-image--align-none\"><figure class=\"wp-block-uagb-image__figure\"><img decoding=\"async\" srcset=\"https:\/\/francem.fr\/app\/uploads\/2025\/12\/medaille-ecovadis-2025.png ,https:\/\/francem.fr\/app\/uploads\/2025\/12\/medaille-ecovadis-2025.png 780w, https:\/\/francem.fr\/app\/uploads\/2025\/12\/medaille-ecovadis-2025.png 360w\" sizes=\"auto, (max-width: 480px) 150px\" src=\"https:\/\/francem.fr\/app\/uploads\/2025\/12\/medaille-ecovadis-2025.png\" alt=\"\" class=\"uag-image-1538\" width=\"92\" height=\"92\" title=\"ecovadis-medal-2025\" loading=\"lazy\" role=\"img\"\/><\/figure><\/div>\n<\/div>\n\n\n\n<div class=\"wp-block-uagb-separator uagb-block-c5a5786b\"><div class=\"uagb-separator-spacing-wrapper\"><div class=\"wp-block-uagb-separator__inner\" style=\"--my-background-image:\"><\/div><\/div><\/div>\n\n\n\n<div class=\"wp-block-uagb-advanced-heading uagb-block-cb161c83\"><h2 class=\"uagb-heading-text\"><mark class=\"uagb-highlight\">ECOVADIS GOLD<\/mark> <mark class=\"uagb-highlight\">2025<\/mark><\/h2><\/div>\n<\/div>\n\n\n\n<div class=\"wp-block-uagb-container uagb-block-f1286a8b\">\n<div class=\"wp-block-uagb-container uagb-block-ee726aa8\">\n<div class=\"wp-block-uagb-image uagb-block-5f77e06e wp-block-uagb-image--layout-default wp-block-uagb-image--effect-static wp-block-uagb-image--align-none\"><figure class=\"wp-block-uagb-image__figure\"><a class=\"\" href=\"https:\/\/francem.fr\/en\/app\/uploads\/2024\/08\/iso-14001-fr.pdf\/\" target=\"_blank\" rel=\"noreferrer noopener\"><img decoding=\"async\" srcset=\"https:\/\/francem.fr\/app\/uploads\/2023\/12\/iso-14001-1.png ,https:\/\/francem.fr\/app\/uploads\/2023\/12\/iso-14001-1.png 780w, https:\/\/francem.fr\/app\/uploads\/2023\/12\/iso-14001-1.png 360w\" sizes=\"auto, (max-width: 480px) 150px\" src=\"https:\/\/francem.fr\/app\/uploads\/2023\/12\/iso-14001-1.png\" alt=\"\" class=\"uag-image-617\" width=\"171\" height=\"72\" title=\"\" loading=\"lazy\" role=\"img\"\/><\/a><\/figure><\/div>\n<\/div>\n\n\n\n<div class=\"wp-block-uagb-separator uagb-block-38e4e06b\"><div class=\"uagb-separator-spacing-wrapper\"><div class=\"wp-block-uagb-separator__inner\" style=\"--my-background-image:\"><\/div><\/div><\/div>\n\n\n\n<div class=\"wp-block-uagb-advanced-heading uagb-block-5a7ee3ae\"><h2 class=\"uagb-heading-text\"><mark class=\"uagb-highlight\">ISO 14001<\/mark><\/h2><\/div>\n<\/div>\n\n\n\n<div class=\"wp-block-uagb-container uagb-block-b9597342\">\n<div class=\"wp-block-uagb-container uagb-block-87ff7dd7\">\n<div class=\"wp-block-uagb-image uagb-block-7ac89273 wp-block-uagb-image--layout-default wp-block-uagb-image--effect-static wp-block-uagb-image--align-none\"><figure class=\"wp-block-uagb-image__figure\"><a class=\"\" href=\"https:\/\/francem.fr\/en\/app\/uploads\/2025\/03\/francem-certificat-iso-9001.pdf\/\" target=\"_blank\" rel=\"noreferrer noopener\"><img decoding=\"async\" srcset=\"https:\/\/francem.fr\/app\/uploads\/2025\/03\/iso-9001.jpg ,https:\/\/francem.fr\/app\/uploads\/2025\/03\/iso-9001.jpg 780w, https:\/\/francem.fr\/app\/uploads\/2025\/03\/iso-9001.jpg 360w\" sizes=\"auto, (max-width: 480px) 150px\" src=\"https:\/\/francem.fr\/app\/uploads\/2025\/03\/iso-9001.jpg\" alt=\"\" class=\"uag-image-1510\" width=\"173\" height=\"80\" title=\"iso-9001\" loading=\"lazy\" role=\"img\"\/><\/a><\/figure><\/div>\n<\/div>\n\n\n\n<div class=\"wp-block-uagb-separator uagb-block-a552936b\"><div class=\"uagb-separator-spacing-wrapper\"><div class=\"wp-block-uagb-separator__inner\" style=\"--my-background-image:\"><\/div><\/div><\/div>\n\n\n\n<div class=\"wp-block-uagb-advanced-heading uagb-block-e8b83853\"><h2 class=\"uagb-heading-text\"><mark class=\"uagb-highlight\">ISO 9001<\/mark><\/h2><\/div>\n<\/div>\n\n\n\n<div class=\"wp-block-uagb-container uagb-block-0a75162c\">\n<div class=\"wp-block-uagb-container uagb-block-b177e502\">\n<div class=\"wp-block-uagb-image uagb-block-933c1f76 wp-block-uagb-image--layout-default wp-block-uagb-image--effect-static wp-block-uagb-image--align-none\"><figure class=\"wp-block-uagb-image__figure\"><a class=\"\" href=\"https:\/\/francem.fr\/en\/app\/uploads\/2024\/12\/iatf-16949.pdf\/\" target=\"_blank\" rel=\"noreferrer noopener\"><img decoding=\"async\" srcset=\"https:\/\/francem.fr\/app\/uploads\/2024\/12\/certification-iat16949.jpg ,https:\/\/francem.fr\/app\/uploads\/2024\/12\/certification-iat16949.jpg 780w, https:\/\/francem.fr\/app\/uploads\/2024\/12\/certification-iat16949.jpg 360w\" sizes=\"auto, (max-width: 480px) 150px\" src=\"https:\/\/francem.fr\/app\/uploads\/2024\/12\/certification-iat16949.jpg\" alt=\"\" class=\"uag-image-1496\" width=\"173\" height=\"80\" title=\"IATF16949 certification\" loading=\"lazy\" role=\"img\"\/><\/a><\/figure><\/div>\n<\/div>\n\n\n\n<div class=\"wp-block-uagb-separator uagb-block-71a68021\"><div class=\"uagb-separator-spacing-wrapper\"><div class=\"wp-block-uagb-separator__inner\" style=\"--my-background-image:\"><\/div><\/div><\/div>\n\n\n\n<div class=\"wp-block-uagb-advanced-heading uagb-block-756958a5\"><h2 class=\"uagb-heading-text\"><mark class=\"uagb-highlight\">IATF 16949<\/mark><\/h2><\/div>\n<\/div>\n<\/div>\n<\/div><\/div>\n\n\n\n<section class=\"wp-block-uagb-container uagb-block-9a4717c0 alignfull uagb-is-root-container\"><div class=\"uagb-container-inner-blocks-wrap\">\n<div class=\"wp-block-uagb-container uagb-block-cb8d39af\">\n<p class=\"has-text-align-left has-secondary-color has-text-color has-link-color has-heading-6-font-size wp-elements-2cad0a7542fb37779ba48f8e2e12cd3f\" style=\"margin-top:0px;margin-bottom:0px;font-style:normal;font-weight:600;letter-spacing:1.6px\">Tools<\/p>\n\n\n\n<div class=\"wp-block-uagb-advanced-heading uagb-block-8c38557c\"><h2 class=\"uagb-heading-text\">Our tools<\/h2><\/div>\n<\/div>\n\n\n<div class=\"tabs\">\n\t<div class=\"tabs__accordion\">\n\t\t\t\t\t\t\t<div class=\"tabs__accordion-tab tabs__accordion-tab--active\">\n\t\t\t\t<h3>\n\t\t\t\t\t<button type=\"button\" aria-expanded=\"true\" class=\"tabs__accordion-button\" id=\"tabs__accodrion-button--1\" aria-controls=\"tabs__container--1\">\n\t\t\t\t\t\t<span class=\"tabs__title\">Profile projector<\/span>\n\t\t\t\t\t\t<span class=\"tabs__icon-container\">\n\t\t\t\t\t\t\t<img decoding=\"async\" src=\"https:\/\/francem.fr\/app\/plugins\/mw-framework\/assets\/svg\/icons\/chevron-up.svg\" alt=\"\" class=\"tabs__icon tabs__icon--plus style-svg tabs__icon--hidden\">\n\t\t\t\t\t\t\t<img decoding=\"async\" src=\"https:\/\/francem.fr\/app\/plugins\/mw-framework\/assets\/svg\/icons\/chevron-down.svg\" alt=\"\" class=\"tabs__icon tabs__icon--minus style-svg tabs__icon--active\">\n\t\t\t\t\t\t<\/span>\n\t\t\t\t\t<\/button>\n\t\t\t\t<\/h3>\n\t\t\t\t<div class=\"tabs__accordion-content\" role=\"region\" aria-labeledby=\"tabs__accordion-button--1\" id=\"tabs__accordion-content--1\">\n\t\t\t\t\t<p>Our latest-generation profile projector, located in the production area, enables us to measure up to 99 parts at the same time in more than 15 dimensions\/part in a matter of seconds.<\/p>\n\n\t\t\t\t<\/div>\n\t\t\t<\/div>\n\t\t\t\t\t\t\t\t<div class=\"tabs__accordion-tab\">\n\t\t\t\t<h3>\n\t\t\t\t\t<button type=\"button\" aria-expanded=\"true\" class=\"tabs__accordion-button\" id=\"tabs__accodrion-button--2\" aria-controls=\"tabs__container--2\">\n\t\t\t\t\t\t<span class=\"tabs__title\">Densimeter \/ Durometer<\/span>\n\t\t\t\t\t\t<span class=\"tabs__icon-container\">\n\t\t\t\t\t\t\t<img decoding=\"async\" src=\"https:\/\/francem.fr\/app\/plugins\/mw-framework\/assets\/svg\/icons\/chevron-up.svg\" alt=\"\" class=\"tabs__icon tabs__icon--plus style-svg tabs__icon--active\">\n\t\t\t\t\t\t\t<img decoding=\"async\" src=\"https:\/\/francem.fr\/app\/plugins\/mw-framework\/assets\/svg\/icons\/chevron-down.svg\" alt=\"\" class=\"tabs__icon tabs__icon--minus style-svg tabs__icon--hidden\">\n\t\t\t\t\t\t<\/span>\n\t\t\t\t\t<\/button>\n\t\t\t\t<\/h3>\n\t\t\t\t<div class=\"tabs__accordion-content\" role=\"region\" aria-labeledby=\"tabs__accordion-button--2\" id=\"tabs__accordion-content--2\">\n\t\t\t\t\t<p>We monitor the density and hardness of all adapted products in our laboratory at the start and end of each production run to ensure frequent and regular checks.<\/p>\n\n\t\t\t\t<\/div>\n\t\t\t<\/div>\n\t\t\t\t\t\t<\/div>\n\t<div class=\"tabs__content\">\n\t\t<div class=\"tabs__container\">\n\t\t\t\t\t\t\t\t\t\t\t\t\t\t<figure class=\"tabs__container--2\">\n\t\t\t\t\t<img loading=\"lazy\" decoding=\"async\" src=\"https:\/\/francem.fr\/app\/uploads\/2024\/02\/Frame-39662-1.jpg\" srcset=\"https:\/\/francem.fr\/app\/uploads\/2024\/02\/Frame-39662-1.jpg 313w, https:\/\/francem.fr\/app\/uploads\/2024\/02\/Frame-39662-1-197x300.jpg 197w, https:\/\/francem.fr\/app\/uploads\/2024\/02\/Frame-39662-1-8x12.jpg 8w\" sizes=\"auto, (max-width: 313px) 100vw, 313px\" alt=\"Quality &amp; Certifications\" width=\"313\" height=\"477\">\n\t\t\t\t<\/figure>\n\t\t\t\t\t\t\t\t\t\t\t\t\t\t\t<figure class=\"tabs__container--1\">\n\t\t\t\t\t<img loading=\"lazy\" decoding=\"async\" src=\"https:\/\/francem.fr\/app\/uploads\/2024\/02\/Frame-427320331.jpg\" srcset=\"https:\/\/francem.fr\/app\/uploads\/2024\/02\/Frame-427320331.jpg 313w, https:\/\/francem.fr\/app\/uploads\/2024\/02\/Frame-427320331-197x300.jpg 197w, https:\/\/francem.fr\/app\/uploads\/2024\/02\/Frame-427320331-8x12.jpg 8w\" sizes=\"auto, (max-width: 313px) 100vw, 313px\" alt=\"Quality &amp; Certifications\" width=\"313\" height=\"477\">\n\t\t\t\t<\/figure>\n\t\t\t\t\t\t\t\t\t<\/div>\n\t\t<div class=\"tabs__container\">\n\t\t\t\t\t\t\t\t\t\t\t\t\t\t<figure class=\"tabs__container--1\">\n\t\t\t\t\t<img loading=\"lazy\" decoding=\"async\" src=\"https:\/\/francem.fr\/app\/uploads\/2024\/02\/Frame-427320332.jpg\" srcset=\"https:\/\/francem.fr\/app\/uploads\/2024\/02\/Frame-427320332.jpg 313w, https:\/\/francem.fr\/app\/uploads\/2024\/02\/Frame-427320332-197x300.jpg 197w, https:\/\/francem.fr\/app\/uploads\/2024\/02\/Frame-427320332-8x12.jpg 8w\" sizes=\"auto, (max-width: 313px) 100vw, 313px\" alt=\"Quality &amp; Certifications\" width=\"313\" height=\"477\">\n\t\t\t\t<\/figure>\n\t\t\t\t\t\t\t\t\t\t\t\t\t\t\t<figure class=\"tabs__container--2\">\n\t\t\t\t\t<img loading=\"lazy\" decoding=\"async\" src=\"https:\/\/francem.fr\/app\/uploads\/2024\/02\/Frame-427320330.jpg\" srcset=\"https:\/\/francem.fr\/app\/uploads\/2024\/02\/Frame-427320330.jpg 336w, https:\/\/francem.fr\/app\/uploads\/2024\/02\/Frame-427320330-211x300.jpg 211w, https:\/\/francem.fr\/app\/uploads\/2024\/02\/Frame-427320330-8x12.jpg 8w\" sizes=\"auto, (max-width: 336px) 100vw, 336px\" alt=\"Quality &amp; Certifications\" width=\"336\" height=\"477\">\n\t\t\t\t<\/figure>\n\t\t\t\t\t\t\t\t\t<\/div>\n\t<\/div>\n<\/div>\n<\/div><\/section>\n\n\n\n<section class=\"wp-block-uagb-container uagb-block-e5ef9651 alignfull uagb-is-root-container\"><div class=\"uagb-container-inner-blocks-wrap\">\n<div class=\"wp-block-uagb-container uagb-block-1a07bdb3\">\n<div class=\"wp-block-uagb-container uagb-block-feced140\">\n<div class=\"wp-block-uagb-image uagb-block-541f9130 wp-block-uagb-image--layout-default wp-block-uagb-image--effect-static wp-block-uagb-image--align-none\"><figure class=\"wp-block-uagb-image__figure\"><img decoding=\"async\" srcset=\"https:\/\/francem.fr\/app\/uploads\/2024\/02\/Card-Guillaume-MERCIER.jpg ,https:\/\/francem.fr\/app\/uploads\/2024\/02\/Card-Guillaume-MERCIER.jpg 780w, https:\/\/francem.fr\/app\/uploads\/2024\/02\/Card-Guillaume-MERCIER.jpg 360w\" sizes=\"auto, (max-width: 480px) 150px\" src=\"https:\/\/francem.fr\/app\/uploads\/2024\/02\/Card-Guillaume-MERCIER.jpg\" alt=\"\" class=\"uag-image-1315\" width=\"330\" height=\"329\" title=\"\" loading=\"lazy\" role=\"img\"\/><\/figure><\/div>\n<\/div>\n\n\n\n<div class=\"wp-block-uagb-container uagb-block-ce775b9c\">\n<div class=\"wp-block-uagb-advanced-heading uagb-block-e909b3d8\"><h2 class=\"uagb-heading-text\">Guillaume MERCIER<\/h2><\/div>\n\n\n\n<p class=\"has-secondary-color has-text-color has-link-color has-work-sans-font-family has-heading-6-font-size wp-elements-6d6659cc718076ee4a11f84f373ab231\" style=\"margin-top:10px;margin-bottom:20px;padding-top:0px;padding-bottom:0px;font-style:normal;font-weight:600\">Global Quality Manager<\/p>\n\n\n\n<p class=\"has-black-body-color has-text-color has-link-color has-work-sans-font-family has-text-medium-font-size wp-elements-7b3739783cf4e5509aba5fb3e5f87e11\" style=\"margin-top:0px;margin-bottom:10px;padding-top:0px;padding-bottom:0px\">The commitment and skills of our teams will meet our customers' most exacting requirements.<\/p>\n\n\n\n<p class=\"has-black-body-color has-text-color has-link-color has-work-sans-font-family has-text-medium-font-size wp-elements-5f11eb104deab3babab8a053d2985bf6\" style=\"margin-top:0px;margin-bottom:10px;padding-top:0px;padding-bottom:0px\"><strong>Our main skill will be to transform a customer need into a technical solution with responsiveness and agility.<\/strong><\/p>\n\n\n\n<p class=\"has-black-body-color has-text-color has-link-color has-work-sans-font-family has-text-medium-font-size wp-elements-d7bc9f75aec76e98c6ed80b809ef6650\" style=\"margin-top:0px;margin-bottom:10px;padding-top:0px;padding-bottom:0px\">Whether in the automotive, construction, rail, food, sanitary or general industry sectors, our expertise will be available to customers from project to series production quality. In addition, I ensure that we establish partnerships with our suppliers to guarantee a form of continuity throughout the supply chain. Lastly, I ensure that our teams have the necessary skills through external training in compliance with standards, as well as multi-skilling and multi-skilling through internal training.<\/p>\n\n\n\n<p><\/p>\n<\/div>\n<\/div>\n<\/div><\/section>\n\n\n\n<section class=\"wp-block-uagb-container uagb-block-28ef982b alignfull uagb-is-root-container\"><div class=\"uagb-container-inner-blocks-wrap\">\n<div class=\"wp-block-uagb-buttons uagb-buttons__outer-wrap uagb-btn__default-btn uagb-btn-tablet__default-btn uagb-btn-mobile__default-btn uagb-block-591090c4\"><div class=\"uagb-buttons__wrap uagb-buttons-layout-wrap\">\n<div class=\"wp-block-uagb-buttons-child uagb-buttons__outer-wrap uagb-block-54e65d8d wp-block-button\"><div class=\"uagb-button__wrapper\"><a class=\"uagb-buttons-repeater wp-block-button__link\" aria-label=\"\" href=\"\/en\/our-expertise\/research-and-development\/\" rel=\"follow noopener\" target=\"_self\" role=\"button\"><div class=\"uagb-button__link\">Research &amp; Development<\/div><\/a><\/div><\/div>\n\n\n\n<div class=\"wp-block-uagb-buttons-child uagb-buttons__outer-wrap uagb-block-8d4fc13a wp-block-button\"><div class=\"uagb-button__wrapper\"><a class=\"uagb-buttons-repeater wp-block-button__link\" aria-label=\"\" href=\"\/en\/our-expertise\/manufacturing-processes\/\" rel=\"follow noopener\" target=\"_self\" role=\"button\"><div class=\"uagb-button__link\">Manufacturing processes<\/div><\/a><\/div><\/div>\n<\/div><\/div>\n<\/div><\/section>","protected":false},"excerpt":{"rendered":"<p>Qualit\u00e9s &amp; Certifications Qualit\u00e9 Nous nous engageons par la mise en commun de nos comp\u00e9tences \u00e0 satisfaire les exigences de nos clients, normes et r\u00e9glementations en vigueur, d\u2019associer nos fournisseurs et partenaires dans notre recherche de l\u2019innovation, de l\u2019am\u00e9lioration permanente de la comp\u00e9titivit\u00e9 de nos produits et services. Nous sommes d\u00e9termin\u00e9s \u00e0 consolider l\u2019accroissement, la [&hellip;]<\/p>\n","protected":false},"author":1,"featured_media":0,"parent":15,"menu_order":0,"comment_status":"closed","ping_status":"closed","template":"","meta":{"_acf_changed":false,"inline_featured_image":false,"_uag_custom_page_level_css":"","footnotes":""},"class_list":["post-42","page","type-page","status-publish","hentry"],"acf":[],"uagb_featured_image_src":{"full":false,"thumbnail":false,"medium":false,"medium_large":false,"large":false,"1536x1536":false,"2048x2048":false,"trp-custom-language-flag":false,"gform-image-choice-sm":false,"gform-image-choice-md":false,"gform-image-choice-lg":false},"uagb_author_info":{"display_name":"mentalworks","author_link":"https:\/\/francem.fr\/en\/actualite\/author\/mentalworks\/"},"uagb_comment_info":0,"uagb_excerpt":"Qualit\u00e9s &amp; Certifications Qualit\u00e9 Nous nous engageons par la mise en commun de nos comp\u00e9tences \u00e0 satisfaire les exigences de nos clients, normes et r\u00e9glementations en vigueur, d\u2019associer nos fournisseurs et partenaires dans notre recherche de l\u2019innovation, de l\u2019am\u00e9lioration permanente de la comp\u00e9titivit\u00e9 de nos produits et services. Nous sommes d\u00e9termin\u00e9s \u00e0 consolider l\u2019accroissement, la&hellip;","_links":{"self":[{"href":"https:\/\/francem.fr\/en\/wp-json\/wp\/v2\/pages\/42","targetHints":{"allow":["GET"]}}],"collection":[{"href":"https:\/\/francem.fr\/en\/wp-json\/wp\/v2\/pages"}],"about":[{"href":"https:\/\/francem.fr\/en\/wp-json\/wp\/v2\/types\/page"}],"author":[{"embeddable":true,"href":"https:\/\/francem.fr\/en\/wp-json\/wp\/v2\/users\/1"}],"replies":[{"embeddable":true,"href":"https:\/\/francem.fr\/en\/wp-json\/wp\/v2\/comments?post=42"}],"version-history":[{"count":48,"href":"https:\/\/francem.fr\/en\/wp-json\/wp\/v2\/pages\/42\/revisions"}],"predecessor-version":[{"id":1542,"href":"https:\/\/francem.fr\/en\/wp-json\/wp\/v2\/pages\/42\/revisions\/1542"}],"up":[{"embeddable":true,"href":"https:\/\/francem.fr\/en\/wp-json\/wp\/v2\/pages\/15"}],"wp:attachment":[{"href":"https:\/\/francem.fr\/en\/wp-json\/wp\/v2\/media?parent=42"}],"curies":[{"name":"wp","href":"https:\/\/api.w.org\/{rel}","templated":true}]}}