{"id":44,"date":"2023-11-14T09:54:23","date_gmt":"2023-11-14T08:54:23","guid":{"rendered":"https:\/\/francem.local\/?page_id=44"},"modified":"2024-12-09T14:17:32","modified_gmt":"2024-12-09T13:17:32","slug":"who-we-are","status":"publish","type":"page","link":"https:\/\/francem.fr\/en\/notre-societe\/qui-sommes-nous\/","title":{"rendered":"About us"},"content":{"rendered":"<section class=\"wp-block-uagb-container uagb-block-7173cdb3 alignfull uagb-is-root-container\"><div class=\"uagb-container-inner-blocks-wrap\">\n<div class=\"wp-block-uagb-container uagb-block-ccf559d2\">\n<div class=\"wp-block-uagb-advanced-heading uagb-block-cd87373e\"><h1 class=\"uagb-heading-text\">About <mark class=\"uagb-highlight\">us<\/mark> ?<\/h1><\/div>\n<\/div>\n<\/div><\/section>\n\n\n\n<section class=\"wp-block-uagb-container uagb-block-4210152c alignfull uagb-is-root-container\"><div class=\"uagb-container-inner-blocks-wrap\">\n<div class=\"wp-block-uagb-container uagb-block-bf16277d\">\n<p class=\"has-primary-color has-text-color has-link-color has-heading-6-font-size wp-elements-faec9e1e6edeb257d91e2295a106a153\" style=\"margin-top:0px;margin-bottom:0px;font-style:normal;font-weight:600;letter-spacing:1.6px\">The competence of the people,<br>tool performance<\/p>\n\n\n\n<div class=\"wp-block-uagb-advanced-heading uagb-block-78d7d81c\"><h2 class=\"uagb-heading-text\">Introduction<\/h2><\/div>\n\n\n\n<p class=\"has-black-body-color has-text-color has-link-color has-text-medium-font-size wp-elements-198cabc596999656f24f3cbe265e4922\" style=\"margin-top:25px;margin-bottom:0px;font-style:normal;font-weight:500\">Founded in 1949, Francem is a French company based in Verberie in the Oise department (60).<\/p>\n\n\n\n<p class=\"has-black-body-color has-text-color has-link-color has-text-regular-font-size wp-elements-e78b30356ff7c86d6e9ae9d205a343e1\" style=\"margin-top:25px;margin-bottom:0px\">We employ over a hundred people to design, manufacture and market extruded rubber profiles for the automotive, household appliance and construction industries. These products are intended for European and international companies.<\/p>\n<\/div>\n\n\n\n<div class=\"wp-block-uagb-container uagb-block-001af97d\">\n<div class=\"wp-block-uagb-image alignleft uagb-block-5aa3bed0 wp-block-uagb-image--layout-default wp-block-uagb-image--effect-static wp-block-uagb-image--align-left\"><figure class=\"wp-block-uagb-image__figure\"><img decoding=\"async\" srcset=\"https:\/\/francem.fr\/app\/uploads\/2023\/11\/site-apres.jpg ,https:\/\/francem.fr\/app\/uploads\/2023\/11\/site-apres.jpg 780w, https:\/\/francem.fr\/app\/uploads\/2023\/11\/site-apres.jpg 360w\" sizes=\"auto, (max-width: 480px) 150px\" src=\"https:\/\/francem.fr\/app\/uploads\/2023\/11\/site-apres.jpg\" alt=\"\" class=\"uag-image-343\" width=\"680\" height=\"640\" title=\"\" loading=\"lazy\" role=\"img\"\/><\/figure><\/div>\n<\/div>\n<\/div><\/section>\n\n\n\n<section class=\"wp-block-uagb-container uagb-block-9bd0a0a2 alignfull uagb-is-root-container\"><div class=\"uagb-container-inner-blocks-wrap\">\n<div class=\"wp-block-uagb-container uagb-block-025c4a61\">\n<div class=\"wp-block-uagb-advanced-heading uagb-block-665dc709\"><h2 class=\"uagb-heading-text\">From 1949 to the present day<\/h2><\/div>\n\n\n\n<div class=\"wp-block-uagb-container uagb-block-53de675e\">\n<p class=\"has-text-align-right has-black-body-color has-text-color has-link-color has-text-medium-font-size wp-elements-d8a986fa10f57a77ab7d64d5c28954d5\" style=\"margin-top:25px;margin-bottom:60px;font-style:normal;font-weight:500\">Founded in 1949, Francem is a French company based in Verberie in the Oise department (60).<\/p>\n<\/div>\n\n\n\n<div class=\"wp-block-uagb-image alignright uagb-block-d355b37f wp-block-uagb-image--layout-default wp-block-uagb-image--effect-static wp-block-uagb-image--align-right\"><figure class=\"wp-block-uagb-image__figure\"><img decoding=\"async\" srcset=\"https:\/\/francem.fr\/app\/uploads\/2024\/01\/site-avant-noir-blanc.jpg ,https:\/\/francem.fr\/app\/uploads\/2024\/01\/site-avant-noir-blanc.jpg 780w, https:\/\/francem.fr\/app\/uploads\/2024\/01\/site-avant-noir-blanc.jpg 360w\" sizes=\"auto, (max-width: 480px) 150px\" src=\"https:\/\/francem.fr\/app\/uploads\/2024\/01\/site-avant-noir-blanc.jpg\" alt=\"\" class=\"uag-image-837\" width=\"680\" height=\"484\" title=\"\" loading=\"lazy\" role=\"img\"\/><\/figure><\/div>\n<\/div>\n\n\n\n<div class=\"wp-block-uagb-container uagb-block-339498ca\"><div class=\"tiemeline\">\n\t<ol class=\"timeline__list\">\n\t\t\t\t\t<li class=\"timeline__item\">\n                <div class=\"timeline__icons\">\n\t\t\t        <img loading=\"lazy\" decoding=\"async\" src=\"https:\/\/francem.fr\/app\/plugins\/mw-framework\/assets\/svg\/icons\/settings-02.svg\" class=\"timeline__icon style-svg\" width=\"0\" height=\"0\" alt=\"\">\n                <\/div>\n\t\t\t\t<div class=\"timeline__meta\">\n\t\t\t\t\t<h3 class=\"timeline__title\" aria-description=\"Date de l'\u00e9v\u00e9nement\">1949<\/h3>\n\t\t\t\t\t<p class=\"timeline__description\" aria-description=\"Description de l'\u00e9v\u00e9nement\">Creation of Francem <\/p>\n\t\t\t\t<\/div>\n\t\t\t<\/li>\n\t\t\t\t\t<li class=\"timeline__item\">\n                <div class=\"timeline__icons\">\n\t\t\t        <img loading=\"lazy\" decoding=\"async\" src=\"https:\/\/francem.fr\/app\/plugins\/mw-framework\/assets\/svg\/icons\/settings-02.svg\" class=\"timeline__icon style-svg\" width=\"0\" height=\"0\" alt=\"\">\n                <\/div>\n\t\t\t\t<div class=\"timeline__meta\">\n\t\t\t\t\t<h3 class=\"timeline__title\" aria-description=\"Date de l'\u00e9v\u00e9nement\">1970<\/h3>\n\t\t\t\t\t<p class=\"timeline__description\" aria-description=\"Description de l'\u00e9v\u00e9nement\">Development of a new process: extrusion Focus on the automotive sector<\/p>\n\t\t\t\t<\/div>\n\t\t\t<\/li>\n\t\t\t\t\t<li class=\"timeline__item\">\n                <div class=\"timeline__icons\">\n\t\t\t        <img loading=\"lazy\" decoding=\"async\" src=\"https:\/\/francem.fr\/app\/plugins\/mw-framework\/assets\/svg\/icons\/settings-02.svg\" class=\"timeline__icon style-svg\" width=\"0\" height=\"0\" alt=\"\">\n                <\/div>\n\t\t\t\t<div class=\"timeline__meta\">\n\t\t\t\t\t<h3 class=\"timeline__title\" aria-description=\"Date de l'\u00e9v\u00e9nement\">1983<\/h3>\n\t\t\t\t\t<p class=\"timeline__description\" aria-description=\"Description de l'\u00e9v\u00e9nement\">Expansion of the production site (from 400 to 10,000m2 of buildings)<\/p>\n\t\t\t\t<\/div>\n\t\t\t<\/li>\n\t\t\t\t\t<li class=\"timeline__item\">\n                <div class=\"timeline__icons\">\n\t\t\t        <img loading=\"lazy\" decoding=\"async\" src=\"https:\/\/francem.fr\/app\/plugins\/mw-framework\/assets\/svg\/icons\/settings-02.svg\" class=\"timeline__icon style-svg\" width=\"0\" height=\"0\" alt=\"\">\n                <\/div>\n\t\t\t\t<div class=\"timeline__meta\">\n\t\t\t\t\t<h3 class=\"timeline__title\" aria-description=\"Date de l'\u00e9v\u00e9nement\">1993<\/h3>\n\t\t\t\t\t<p class=\"timeline__description\" aria-description=\"Description de l'\u00e9v\u00e9nement\">ISO 9001 certification<\/p>\n\t\t\t\t<\/div>\n\t\t\t<\/li>\n\t\t\t\t\t<li class=\"timeline__item\">\n                <div class=\"timeline__icons\">\n\t\t\t        <img loading=\"lazy\" decoding=\"async\" src=\"https:\/\/francem.fr\/app\/plugins\/mw-framework\/assets\/svg\/icons\/settings-02.svg\" class=\"timeline__icon style-svg\" width=\"0\" height=\"0\" alt=\"\">\n                <\/div>\n\t\t\t\t<div class=\"timeline__meta\">\n\t\t\t\t\t<h3 class=\"timeline__title\" aria-description=\"Date de l'\u00e9v\u00e9nement\">2007<\/h3>\n\t\t\t\t\t<p class=\"timeline__description\" aria-description=\"Description de l'\u00e9v\u00e9nement\">The Francart family takes over all Emringer shares<\/p>\n\t\t\t\t<\/div>\n\t\t\t<\/li>\n\t\t\t\t\t<li class=\"timeline__item\">\n                <div class=\"timeline__icons\">\n\t\t\t        <img loading=\"lazy\" decoding=\"async\" src=\"https:\/\/francem.fr\/app\/plugins\/mw-framework\/assets\/svg\/icons\/settings-02.svg\" class=\"timeline__icon style-svg\" width=\"0\" height=\"0\" alt=\"\">\n                <\/div>\n\t\t\t\t<div class=\"timeline__meta\">\n\t\t\t\t\t<h3 class=\"timeline__title\" aria-description=\"Date de l'\u00e9v\u00e9nement\">2013<\/h3>\n\t\t\t\t\t<p class=\"timeline__description\" aria-description=\"Description de l'\u00e9v\u00e9nement\">New salt bath extrusion line<\/p>\n\t\t\t\t<\/div>\n\t\t\t<\/li>\n\t\t\t\t\t<li class=\"timeline__item\">\n                <div class=\"timeline__icons\">\n\t\t\t        <img loading=\"lazy\" decoding=\"async\" src=\"https:\/\/francem.fr\/app\/plugins\/mw-framework\/assets\/svg\/icons\/settings-02.svg\" class=\"timeline__icon style-svg\" width=\"0\" height=\"0\" alt=\"\">\n                <\/div>\n\t\t\t\t<div class=\"timeline__meta\">\n\t\t\t\t\t<h3 class=\"timeline__title\" aria-description=\"Date de l'\u00e9v\u00e9nement\">2017<\/h3>\n\t\t\t\t\t<p class=\"timeline__description\" aria-description=\"Description de l'\u00e9v\u00e9nement\">ISO 14001 certification<\/p>\n\t\t\t\t<\/div>\n\t\t\t<\/li>\n\t\t\t\t\t<li class=\"timeline__item\">\n                <div class=\"timeline__icons\">\n\t\t\t        <img loading=\"lazy\" decoding=\"async\" src=\"https:\/\/francem.fr\/app\/plugins\/mw-framework\/assets\/svg\/icons\/settings-02.svg\" class=\"timeline__icon style-svg\" width=\"0\" height=\"0\" alt=\"\">\n                <\/div>\n\t\t\t\t<div class=\"timeline__meta\">\n\t\t\t\t\t<h3 class=\"timeline__title\" aria-description=\"Date de l'\u00e9v\u00e9nement\">2018<\/h3>\n\t\t\t\t\t<p class=\"timeline__description\" aria-description=\"Description de l'\u00e9v\u00e9nement\">IATF 16949 standard obtained<\/p>\n\t\t\t\t<\/div>\n\t\t\t<\/li>\n\t\t\t\t\t<li class=\"timeline__item\">\n                <div class=\"timeline__icons\">\n\t\t\t        <img loading=\"lazy\" decoding=\"async\" src=\"https:\/\/francem.fr\/app\/plugins\/mw-framework\/assets\/svg\/icons\/settings-02.svg\" class=\"timeline__icon style-svg\" width=\"0\" height=\"0\" alt=\"\">\n                <\/div>\n\t\t\t\t<div class=\"timeline__meta\">\n\t\t\t\t\t<h3 class=\"timeline__title\" aria-description=\"Date de l'\u00e9v\u00e9nement\">2023<\/h3>\n\t\t\t\t\t<p class=\"timeline__description\" aria-description=\"Description de l'\u00e9v\u00e9nement\">Ecovadis SILVER<\/p>\n\t\t\t\t<\/div>\n\t\t\t<\/li>\n\t\t\t\t\t<li class=\"timeline__item\">\n                <div class=\"timeline__icons\">\n\t\t\t        <img loading=\"lazy\" decoding=\"async\" src=\"https:\/\/francem.fr\/app\/plugins\/mw-framework\/assets\/svg\/icons\/settings-02.svg\" class=\"timeline__icon style-svg\" width=\"0\" height=\"0\" alt=\"\">\n                <\/div>\n\t\t\t\t<div class=\"timeline__meta\">\n\t\t\t\t\t<h3 class=\"timeline__title\" aria-description=\"Date de l'\u00e9v\u00e9nement\">2024<\/h3>\n\t\t\t\t\t<p class=\"timeline__description\" aria-description=\"Description de l'\u00e9v\u00e9nement\">Ecovadis GOLD<\/p>\n\t\t\t\t<\/div>\n\t\t\t<\/li>\n\t\t\t<\/ol>\n<\/div>\n<\/div>\n<\/div><\/section>\n\n\n\n<section class=\"wp-block-uagb-container uagb-block-e5ef9651 alignfull uagb-is-root-container\"><div class=\"uagb-container-inner-blocks-wrap\">\n<div class=\"wp-block-uagb-container uagb-block-1a07bdb3\">\n<div class=\"wp-block-uagb-container uagb-block-feced140\">\n<div class=\"wp-block-uagb-image uagb-block-541f9130 wp-block-uagb-image--layout-default wp-block-uagb-image--effect-static wp-block-uagb-image--align-none\"><figure class=\"wp-block-uagb-image__figure\"><img decoding=\"async\" srcset=\"https:\/\/francem.fr\/app\/uploads\/2024\/02\/Card-Nathalie-PISCHEDDA.jpg ,https:\/\/francem.fr\/app\/uploads\/2024\/02\/Card-Nathalie-PISCHEDDA.jpg 780w, https:\/\/francem.fr\/app\/uploads\/2024\/02\/Card-Nathalie-PISCHEDDA.jpg 360w\" sizes=\"auto, (max-width: 480px) 150px\" src=\"https:\/\/francem.fr\/app\/uploads\/2024\/02\/Card-Nathalie-PISCHEDDA.jpg\" alt=\"\" class=\"uag-image-1314\" width=\"330\" height=\"329\" title=\"\" loading=\"lazy\" role=\"img\"\/><\/figure><\/div>\n<\/div>\n\n\n\n<div class=\"wp-block-uagb-container uagb-block-ce775b9c\">\n<div class=\"wp-block-uagb-advanced-heading uagb-block-e909b3d8\"><h2 class=\"uagb-heading-text\">Nathalie PISCHEDDA<\/h2><\/div>\n\n\n\n<p class=\"has-secondary-color has-text-color has-link-color has-work-sans-font-family has-heading-6-font-size wp-elements-9aff7c6099d37002b0041219ad854fa0\" style=\"margin-top:10px;margin-bottom:20px;padding-top:0px;padding-bottom:0px;font-style:normal;font-weight:600\">Chairman and Chief Executive Officer<\/p>\n\n\n\n<p class=\"has-black-body-color has-text-color has-link-color has-work-sans-font-family has-text-medium-font-size wp-elements-59844a510171f84303186d0d89c61298\" style=\"margin-top:0px;margin-bottom:10px;padding-top:0px;padding-bottom:0px\">For over 70 years, our company has built up a solid reputation as a specialist in the extrusion of cellular and compact rubber parts, as well as plastic parts.<\/p>\n\n\n\n<p class=\"has-black-body-color has-text-color has-link-color has-work-sans-font-family has-text-medium-font-size wp-elements-0987ea9251ef2488d149eccf6c2ce062\" style=\"margin-top:0px;margin-bottom:10px;padding-top:0px;padding-bottom:0px\"><strong>Our history is marked by a constant commitment to excellence and innovation, and we are proud to contribute to our customers' success.<\/strong><\/p>\n\n\n\n<p class=\"has-black-body-color has-text-color has-link-color has-work-sans-font-family has-text-medium-font-size wp-elements-fae0fff6d2f6e8817bb6b064c95a014b\" style=\"margin-top:0px;margin-bottom:10px;padding-top:0px;padding-bottom:0px\">As President, I am honoured to lead a dedicated team who share a passion for the quality industry and for finding innovative solutions. We understand that every request is unique, which is why we do everything we can to meet your expectations.<\/p>\n\n\n\n<p class=\"has-black-body-color has-text-color has-link-color has-work-sans-font-family has-text-medium-font-size wp-elements-ae322957df94bbd811482ccf77b3b298\" style=\"margin-top:0px;margin-bottom:10px;padding-top:0px;padding-bottom:0px\"><strong>Our customers' satisfaction is our greatest reward.<\/strong><\/p>\n\n\n\n<p class=\"has-black-body-color has-text-color has-link-color has-work-sans-font-family has-text-medium-font-size wp-elements-54ba09d2f07b74dcaeedde88298e24e7\" style=\"margin-top:0px;margin-bottom:10px;padding-top:0px;padding-bottom:0px\">Thank you for your confidence.<\/p>\n<\/div>\n<\/div>\n<\/div><\/section>\n\n\n\n<section class=\"wp-block-uagb-container uagb-block-91b83880 alignfull uagb-is-root-container\"><div class=\"uagb-container-inner-blocks-wrap\">\n<div class=\"wp-block-uagb-container uagb-block-e1761b1f\">\n<div class=\"wp-block-uagb-advanced-heading uagb-block-f617d14c\"><h2 class=\"uagb-heading-text\">Contact us now to <mark class=\"uagb-highlight\">your project.<\/mark><\/h2><\/div>\n\n\n\n<p class=\"has-text-align-center has-white-color has-text-color has-link-color has-work-sans-font-family has-l-font-size wp-elements-6a0f264e824c050ed6ad04a69dc1ae8c\" style=\"margin-top:0px;margin-bottom:0px;font-style:normal;font-weight:500\">Francem will be delighted to consider all your requests.<\/p>\n\n\n\n<div class=\"wp-block-uagb-buttons uagb-buttons__outer-wrap uagb-btn__default-btn uagb-btn-tablet__default-btn uagb-btn-mobile__default-btn uagb-block-7cd3cdd1\"><div class=\"uagb-buttons__wrap uagb-buttons-layout-wrap\">\n<div class=\"wp-block-uagb-buttons-child uagb-buttons__outer-wrap uagb-block-c42a2239 wp-block-button\"><div class=\"uagb-button__wrapper\"><a class=\"uagb-buttons-repeater wp-block-button__link\" href=\"\/en\/contact\/\" onclick=\"return true;\" rel=\"follow noopener\" target=\"_self\"><div class=\"uagb-button__link\">Contact Francem<\/div><\/a><\/div><\/div>\n<\/div><\/div>\n<\/div>\n<\/div><\/section>\n\n\n\n<section class=\"wp-block-uagb-container uagb-block-28ef982b alignfull uagb-is-root-container\"><div class=\"uagb-container-inner-blocks-wrap\">\n<div class=\"wp-block-uagb-buttons uagb-buttons__outer-wrap uagb-btn__default-btn uagb-btn-tablet__default-btn uagb-btn-mobile__default-btn uagb-block-591090c4\"><div class=\"uagb-buttons__wrap uagb-buttons-layout-wrap\">\n<div class=\"wp-block-uagb-buttons-child uagb-buttons__outer-wrap uagb-block-54e65d8d wp-block-button\"><div class=\"uagb-button__wrapper\"><a class=\"uagb-buttons-repeater wp-block-button__link\" aria-label=\"\" href=\"\/en\/our-company\/rse-policy\/\" rel=\"follow noopener\" target=\"_self\" role=\"button\"><div class=\"uagb-button__link\">Our CSR policy<\/div><\/a><\/div><\/div>\n\n\n\n<div class=\"wp-block-uagb-buttons-child uagb-buttons__outer-wrap uagb-block-8d4fc13a wp-block-button\"><div class=\"uagb-button__wrapper\"><a class=\"uagb-buttons-repeater wp-block-button__link\" aria-label=\"\" href=\"\/en\/our-company\/career\/\" rel=\"follow noopener\" target=\"_self\" role=\"button\"><div class=\"uagb-button__link\">Career<\/div><\/a><\/div><\/div>\n<\/div><\/div>\n<\/div><\/section>","protected":false},"excerpt":{"rendered":"<p>Qui sommes-nous ? La comp\u00e9tence des hommes,la performance des outils Introduction Fond\u00e9e en 1949, Francem est une entreprise fran\u00e7aise bas\u00e9e dans l\u2019Oise (60) \u00e0 Verberie. Nous employons plus d\u2019une centaine de personnes pour concevoir, fabriquer et commercialiser des profil\u00e9s extrud\u00e9s en caoutchouc pour le secteur de l\u2019automobile, de l\u2019\u00e9lectrom\u00e9nager ou le b\u00e2timent. Ces produits sont [&hellip;]<\/p>\n","protected":false},"author":1,"featured_media":0,"parent":17,"menu_order":0,"comment_status":"closed","ping_status":"closed","template":"","meta":{"_acf_changed":false,"inline_featured_image":false,"_uag_custom_page_level_css":"","footnotes":""},"class_list":["post-44","page","type-page","status-publish","hentry"],"acf":[],"uagb_featured_image_src":{"full":false,"thumbnail":false,"medium":false,"medium_large":false,"large":false,"1536x1536":false,"2048x2048":false,"trp-custom-language-flag":false,"gform-image-choice-sm":false,"gform-image-choice-md":false,"gform-image-choice-lg":false},"uagb_author_info":{"display_name":"mentalworks","author_link":"https:\/\/francem.fr\/en\/actualite\/author\/mentalworks\/"},"uagb_comment_info":0,"uagb_excerpt":"Qui sommes-nous ? La comp\u00e9tence des hommes,la performance des outils Introduction Fond\u00e9e en 1949, Francem est une entreprise fran\u00e7aise bas\u00e9e dans l\u2019Oise (60) \u00e0 Verberie. Nous employons plus d\u2019une centaine de personnes pour concevoir, fabriquer et commercialiser des profil\u00e9s extrud\u00e9s en caoutchouc pour le secteur de l\u2019automobile, de l\u2019\u00e9lectrom\u00e9nager ou le b\u00e2timent. Ces produits sont&hellip;","_links":{"self":[{"href":"https:\/\/francem.fr\/en\/wp-json\/wp\/v2\/pages\/44","targetHints":{"allow":["GET"]}}],"collection":[{"href":"https:\/\/francem.fr\/en\/wp-json\/wp\/v2\/pages"}],"about":[{"href":"https:\/\/francem.fr\/en\/wp-json\/wp\/v2\/types\/page"}],"author":[{"embeddable":true,"href":"https:\/\/francem.fr\/en\/wp-json\/wp\/v2\/users\/1"}],"replies":[{"embeddable":true,"href":"https:\/\/francem.fr\/en\/wp-json\/wp\/v2\/comments?post=44"}],"version-history":[{"count":84,"href":"https:\/\/francem.fr\/en\/wp-json\/wp\/v2\/pages\/44\/revisions"}],"predecessor-version":[{"id":1491,"href":"https:\/\/francem.fr\/en\/wp-json\/wp\/v2\/pages\/44\/revisions\/1491"}],"up":[{"embeddable":true,"href":"https:\/\/francem.fr\/en\/wp-json\/wp\/v2\/pages\/17"}],"wp:attachment":[{"href":"https:\/\/francem.fr\/en\/wp-json\/wp\/v2\/media?parent=44"}],"curies":[{"name":"wp","href":"https:\/\/api.w.org\/{rel}","templated":true}]}}