{"id":46,"date":"2023-11-14T09:54:37","date_gmt":"2023-11-14T08:54:37","guid":{"rendered":"https:\/\/francem.local\/?page_id=46"},"modified":"2024-12-09T14:14:34","modified_gmt":"2024-12-09T13:14:34","slug":"rse-policy","status":"publish","type":"page","link":"https:\/\/francem.fr\/en\/notre-societe\/politique-rse\/","title":{"rendered":"CSR policy"},"content":{"rendered":"<section class=\"wp-block-uagb-container uagb-block-7173cdb3 alignfull uagb-is-root-container\"><div class=\"uagb-container-inner-blocks-wrap\">\n<div class=\"wp-block-uagb-container uagb-block-ccf559d2\">\n<div class=\"wp-block-uagb-advanced-heading uagb-block-cd87373e\"><h1 class=\"uagb-heading-text\">Our policy <mark class=\"uagb-highlight\">CSR<\/mark><\/h1><\/div>\n<\/div>\n<\/div><\/section>\n\n\n\n<section class=\"wp-block-uagb-container uagb-block-4210152c alignfull uagb-is-root-container\"><div class=\"uagb-container-inner-blocks-wrap\">\n<div class=\"wp-block-uagb-container uagb-block-001af97d\">\n<div class=\"wp-block-uagb-image alignleft uagb-block-5aa3bed0 wp-block-uagb-image--layout-default wp-block-uagb-image--effect-static wp-block-uagb-image--align-left\"><figure class=\"wp-block-uagb-image__figure\"><img decoding=\"async\" srcset=\"https:\/\/francem.fr\/app\/uploads\/2024\/01\/rse-engagement.jpg ,https:\/\/francem.fr\/app\/uploads\/2024\/01\/rse-engagement.jpg 780w, https:\/\/francem.fr\/app\/uploads\/2024\/01\/rse-engagement.jpg 360w\" sizes=\"auto, (max-width: 480px) 150px\" src=\"https:\/\/francem.fr\/app\/uploads\/2024\/01\/rse-engagement.jpg\" alt=\"\" class=\"uag-image-1034\" width=\"680\" height=\"640\" title=\"\" loading=\"lazy\" role=\"img\"\/><\/figure><\/div>\n<\/div>\n\n\n\n<div class=\"wp-block-uagb-container uagb-block-bf16277d\">\n<div class=\"wp-block-uagb-container uagb-block-53cfc411\">\n<div class=\"wp-block-uagb-container uagb-block-c5dc0af3\">\n<p class=\"has-secondary-color has-text-color has-link-color has-heading-6-font-size wp-elements-bc5414c033b7fd4a7d47283c57691118\" style=\"margin-top:0px;margin-bottom:0px;font-style:normal;font-weight:600;letter-spacing:1.6px\">5 strong pillars<\/p>\n\n\n\n<div class=\"wp-block-uagb-advanced-heading uagb-block-78d7d81c\"><h2 class=\"uagb-heading-text\">Commitment<\/h2><\/div>\n<\/div>\n\n\n\n<div class=\"wp-block-uagb-container uagb-block-e1b507e7\">\n<div class=\"wp-block-uagb-image uagb-block-f4863af2 wp-block-uagb-image--layout-default wp-block-uagb-image--effect-static wp-block-uagb-image--align-none\"><figure class=\"wp-block-uagb-image__figure\"><img decoding=\"async\" srcset=\"https:\/\/francem.fr\/app\/uploads\/2024\/09\/unglobal-compact.jpg ,https:\/\/francem.fr\/app\/uploads\/2024\/09\/unglobal-compact.jpg 780w, https:\/\/francem.fr\/app\/uploads\/2024\/09\/unglobal-compact.jpg 360w\" sizes=\"auto, (max-width: 480px) 150px\" src=\"https:\/\/francem.fr\/app\/uploads\/2024\/09\/unglobal-compact.jpg\" alt=\"\" class=\"uag-image-1439\" width=\"100\" height=\"100\" title=\"unglobal compact\" loading=\"lazy\" role=\"img\"\/><\/figure><\/div>\n<\/div>\n<\/div>\n\n\n\n<p class=\"has-black-body-color has-text-color has-link-color has-l-font-size wp-elements-6614267e6a07120119ec24fb02672354\" style=\"margin-top:25px;margin-bottom:0px;font-style:normal;font-weight:500\">As part of our CSR policy, we are committed to protecting the health and safety of our employees and reducing our environmental, social and ethical impact.<\/p>\n\n\n\n<p class=\"has-black-body-color has-text-color has-link-color has-text-regular-font-size wp-elements-2d7da4e6a38270f9589395b0839a0e00\" style=\"margin-top:25px;margin-bottom:0px\">Our actions and our products have an influence and repercussions on the environment and society. It is our responsibility to limit as far as possible the negative impacts of our activity, and on the contrary, to have a positive impact.<br>At Francem, we have a duty to raise awareness among our partners, our customers and our teams so that they can take action alongside us.<br>That's why Francem is now committed to stepping up its efforts to develop its activities in an ever more responsible way.<\/p>\n\n\n\n<div class=\"wp-block-uagb-container uagb-block-dddc0810\">\n<p class=\"has-black-body-color has-text-color has-link-color has-text-regular-font-size wp-elements-9ffc7e492ff7d38376478e48aa47cffd\" style=\"margin-top:25px;margin-bottom:0px\">As a member, we adhere to the principles of the United Nations Global Compact. You too can be part of the movement and join the world's largest sustainability initiative. <a href=\"https:\/\/pactemondial.org\/\" target=\"_blank\" rel=\"noreferrer noopener\">UN Global Compact<\/a>.<\/p>\n<\/div>\n\n\n\n<div class=\"wp-block-uagb-buttons uagb-buttons__outer-wrap uagb-btn__default-btn uagb-btn-tablet__default-btn uagb-btn-mobile__default-btn uagb-block-3bbf9b3d\"><div class=\"uagb-buttons__wrap uagb-buttons-layout-wrap\">\n<div class=\"wp-block-uagb-buttons-child uagb-buttons__outer-wrap uagb-block-248995d5 wp-block-button\"><div class=\"uagb-button__wrapper\"><a class=\"uagb-buttons-repeater wp-block-button__link\" aria-label=\"\" href=\"https:\/\/francem.fr\/en\/app\/uploads\/2024\/11\/francem-politique-rse-2025.pdf\/\" rel=\"follow noopener\" target=\"_blank\" role=\"button\"><div class=\"uagb-button__link\">Find out more about our CSR policy<\/div><\/a><\/div><\/div>\n<\/div><\/div>\n<\/div>\n<\/div><\/section>\n\n\n\n<section class=\"wp-block-uagb-container uagb-block-92aef2e4 alignfull uagb-is-root-container\"><div class=\"uagb-container-inner-blocks-wrap\">\n<div class=\"wp-block-uagb-container uagb-block-9ec49c48\">\n<div class=\"wp-block-uagb-advanced-heading uagb-block-d7448e62\"><h2 class=\"uagb-heading-text\">Our results<\/h2><\/div>\n\n\n\n<div class=\"wp-block-uagb-container uagb-block-e43157bd\">\n<div class=\"wp-block-uagb-container uagb-block-9118530c\">\n<div class=\"wp-block-uagb-container uagb-block-84937774\">\n<div class=\"wp-block-uagb-image uagb-block-22b17b2d wp-block-uagb-image--layout-default wp-block-uagb-image--effect-static wp-block-uagb-image--align-none\"><figure class=\"wp-block-uagb-image__figure\"><a class=\"\" href=\"https:\/\/recognition.ecovadis.com\/YhktNGKVNkmhn3Yx07o3Xw\" target=\"_blank\" rel=\"noreferrer noopener\"><img decoding=\"async\" srcset=\"https:\/\/francem.fr\/app\/uploads\/2024\/11\/medaille-ecovadis-2024.png ,https:\/\/francem.fr\/app\/uploads\/2024\/11\/medaille-ecovadis-2024.png 780w, https:\/\/francem.fr\/app\/uploads\/2024\/11\/medaille-ecovadis-2024.png 360w\" sizes=\"auto, (max-width: 480px) 150px\" src=\"https:\/\/francem.fr\/app\/uploads\/2024\/11\/medaille-ecovadis-2024.png\" alt=\"\" class=\"uag-image-1471\" width=\"92\" height=\"92\" title=\"ecovadis-2024-medal\" loading=\"lazy\" role=\"img\"\/><\/a><\/figure><\/div>\n<\/div>\n\n\n\n<div class=\"wp-block-uagb-separator uagb-block-c5a5786b\"><div class=\"uagb-separator-spacing-wrapper\"><div class=\"wp-block-uagb-separator__inner\" style=\"--my-background-image:\"><\/div><\/div><\/div>\n\n\n\n<div class=\"wp-block-uagb-advanced-heading uagb-block-cb161c83\"><h2 class=\"uagb-heading-text\"><mark class=\"uagb-highlight\">ECOVADIS<\/mark> GOLD <mark class=\"uagb-highlight\">2025<\/mark><\/h2><\/div>\n\n\n\n<p class=\"has-black-body-color has-text-color has-link-color has-text-medium-font-size wp-elements-b724957296e7ffa2dd2f123fafa88fdd\" style=\"margin-top:0px;margin-bottom:0px;padding-top:0px;padding-bottom:0px\">FRANCEM SAS obtained a&nbsp;<strong>Gold medal<\/strong>a recognition awarded to&nbsp;<strong>5% of the best-performing companies<\/strong> assessed by EcoVadis.<\/p>\n<\/div>\n\n\n\n<div class=\"wp-block-uagb-container uagb-block-b94af7b7\">\n<div class=\"wp-block-uagb-container uagb-block-a1ad06c3\">\n<div class=\"wp-block-uagb-image uagb-block-32b7f887 wp-block-uagb-image--layout-default wp-block-uagb-image--effect-static wp-block-uagb-image--align-none\"><figure class=\"wp-block-uagb-image__figure\"><a class=\"\" href=\"https:\/\/francem.fr\/en\/app\/uploads\/2024\/08\/iso-14001-fr.pdf\/\" target=\"_blank\" rel=\"noreferrer noopener\"><img decoding=\"async\" srcset=\"https:\/\/francem.fr\/app\/uploads\/2023\/12\/iso-14001-1.png ,https:\/\/francem.fr\/app\/uploads\/2023\/12\/iso-14001-1.png 780w, https:\/\/francem.fr\/app\/uploads\/2023\/12\/iso-14001-1.png 360w\" sizes=\"auto, (max-width: 480px) 150px\" src=\"https:\/\/francem.fr\/app\/uploads\/2023\/12\/iso-14001-1.png\" alt=\"\" class=\"uag-image-617\" width=\"130\" height=\"60\" title=\"\" loading=\"lazy\" role=\"img\"\/><\/a><\/figure><\/div>\n<\/div>\n\n\n\n<div class=\"wp-block-uagb-separator uagb-block-5471efa2\"><div class=\"uagb-separator-spacing-wrapper\"><div class=\"wp-block-uagb-separator__inner\" style=\"--my-background-image:\"><\/div><\/div><\/div>\n\n\n\n<div class=\"wp-block-uagb-advanced-heading uagb-block-d1d39da2\"><h2 class=\"uagb-heading-text\"><mark class=\"uagb-highlight\">ISO 14001<\/mark><\/h2><\/div>\n\n\n\n<p class=\"has-black-body-color has-text-color has-link-color has-text-medium-font-size wp-elements-f77863459fc77157845277f8997b4438\" style=\"margin-top:0px;margin-bottom:0px;padding-top:0px;padding-bottom:0px\">We are implementing a <strong>continuous search for performance improvement<\/strong> environment.<\/p>\n<\/div>\n\n\n\n<div class=\"wp-block-uagb-container uagb-block-8bce3334\">\n<div class=\"wp-block-uagb-container uagb-block-89cd62ac\">\n<div class=\"wp-block-uagb-image uagb-block-e4fb895c wp-block-uagb-image--layout-default wp-block-uagb-image--effect-static wp-block-uagb-image--align-none\"><figure class=\"wp-block-uagb-image__figure\"><img decoding=\"async\" srcset=\"https:\/\/francem.fr\/app\/uploads\/2023\/12\/RSE-automobile-1.png ,https:\/\/francem.fr\/app\/uploads\/2023\/12\/RSE-automobile-1.png 780w, https:\/\/francem.fr\/app\/uploads\/2023\/12\/RSE-automobile-1.png 360w\" sizes=\"auto, (max-width: 480px) 150px\" src=\"https:\/\/francem.fr\/app\/uploads\/2023\/12\/RSE-automobile-1.png\" alt=\"\" class=\"uag-image-618\" width=\"135\" height=\"88\" title=\"\" loading=\"lazy\" role=\"img\"\/><\/figure><\/div>\n<\/div>\n\n\n\n<div class=\"wp-block-uagb-separator uagb-block-b1b7622c\"><div class=\"uagb-separator-spacing-wrapper\"><div class=\"wp-block-uagb-separator__inner\" style=\"--my-background-image:\"><\/div><\/div><\/div>\n\n\n\n<div class=\"wp-block-uagb-advanced-heading uagb-block-d70af261\"><h2 class=\"uagb-heading-text\"><mark class=\"uagb-highlight\">-75%<\/mark><\/h2><\/div>\n\n\n\n<p class=\"has-black-body-color has-text-color has-link-color has-text-medium-font-size wp-elements-00a69e6a14918a9924c789490863f34a\" style=\"margin-top:0px;margin-bottom:0px;padding-top:0px;padding-bottom:0px\">We have <strong>reduce water consumption at our plant by 75% compared with 2019. <\/strong>Thanks to a closed circuit, which means that all the water is reused in a loop.<\/p>\n<\/div>\n<\/div>\n<\/div>\n<\/div><\/section>\n\n\n\n<section class=\"wp-block-uagb-container uagb-block-95152680 alignfull uagb-is-root-container\"><div class=\"uagb-container-inner-blocks-wrap\">\n<div class=\"wp-block-uagb-advanced-heading uagb-block-7d822ee4\"><h2 class=\"uagb-heading-text\">Committed to a world <mark class=\"uagb-highlight\">best<\/mark>.<\/h2><\/div>\n\n\n\n<div class=\"wp-block-uagb-advanced-heading uagb-block-85fcc057\"><h2 class=\"uagb-heading-text\">Our CSR is not just about words,<br><mark class=\"uagb-highlight\">actions and results.<\/mark><\/h2><\/div>\n<\/div><\/section>\n\n\n\n<section class=\"wp-block-uagb-container uagb-block-91b83880 alignfull uagb-is-root-container\"><div class=\"uagb-container-inner-blocks-wrap\">\n<div class=\"wp-block-uagb-container uagb-block-e1761b1f\">\n<div class=\"wp-block-uagb-advanced-heading uagb-block-f617d14c\"><h2 class=\"uagb-heading-text\">Contact us now to <mark class=\"uagb-highlight\">your project.<\/mark><\/h2><\/div>\n\n\n\n<p class=\"has-text-align-center has-white-color has-text-color has-link-color has-work-sans-font-family has-l-font-size wp-elements-6a0f264e824c050ed6ad04a69dc1ae8c\" style=\"margin-top:0px;margin-bottom:0px;font-style:normal;font-weight:500\">Francem will be delighted to consider all your requests.<\/p>\n\n\n\n<div class=\"wp-block-uagb-buttons uagb-buttons__outer-wrap uagb-btn__default-btn uagb-btn-tablet__default-btn uagb-btn-mobile__default-btn uagb-block-7cd3cdd1\"><div class=\"uagb-buttons__wrap uagb-buttons-layout-wrap\">\n<div class=\"wp-block-uagb-buttons-child uagb-buttons__outer-wrap uagb-block-c42a2239 wp-block-button\"><div class=\"uagb-button__wrapper\"><a class=\"uagb-buttons-repeater wp-block-button__link\" href=\"\/en\/contact\/\" onclick=\"return true;\" rel=\"follow noopener\" target=\"_self\"><div class=\"uagb-button__link\">Contact Francem<\/div><\/a><\/div><\/div>\n<\/div><\/div>\n<\/div>\n<\/div><\/section>\n\n\n\n<section class=\"wp-block-uagb-container uagb-block-28ef982b alignfull uagb-is-root-container\"><div class=\"uagb-container-inner-blocks-wrap\">\n<div class=\"wp-block-uagb-buttons uagb-buttons__outer-wrap uagb-btn__default-btn uagb-btn-tablet__default-btn uagb-btn-mobile__default-btn uagb-block-591090c4\"><div class=\"uagb-buttons__wrap uagb-buttons-layout-wrap\">\n<div class=\"wp-block-uagb-buttons-child uagb-buttons__outer-wrap uagb-block-54e65d8d wp-block-button\"><div class=\"uagb-button__wrapper\"><a class=\"uagb-buttons-repeater wp-block-button__link\" aria-label=\"\" href=\"\/en\/our-company\/who-we-are\/\" rel=\"follow noopener\" target=\"_self\" role=\"button\"><div class=\"uagb-button__link\">About us<\/div><\/a><\/div><\/div>\n\n\n\n<div class=\"wp-block-uagb-buttons-child uagb-buttons__outer-wrap uagb-block-8d4fc13a wp-block-button\"><div class=\"uagb-button__wrapper\"><a class=\"uagb-buttons-repeater wp-block-button__link\" aria-label=\"\" href=\"\/en\/our-company\/career\/\" rel=\"follow noopener\" target=\"_self\" role=\"button\"><div class=\"uagb-button__link\">Career<\/div><\/a><\/div><\/div>\n<\/div><\/div>\n<\/div><\/section>","protected":false},"excerpt":{"rendered":"<p>Notre politique RSE 5 piliers forts Engagement Dans le cadre de notre politique RSE, nous nous engageons \u00e0 pr\u00e9server la sant\u00e9 et la s\u00e9curit\u00e9 de nos collaborateurs, \u00e0 r\u00e9duire notre impact environnemental, social et \u00e9thique. Nos actes et nos produits ont une influence et des r\u00e9percussions environnementales et soci\u00e9tales. Il est de notre responsabilit\u00e9 de [&hellip;]<\/p>\n","protected":false},"author":1,"featured_media":0,"parent":17,"menu_order":0,"comment_status":"closed","ping_status":"closed","template":"","meta":{"_acf_changed":false,"inline_featured_image":false,"_uag_custom_page_level_css":"","footnotes":""},"class_list":["post-46","page","type-page","status-publish","hentry"],"acf":[],"uagb_featured_image_src":{"full":false,"thumbnail":false,"medium":false,"medium_large":false,"large":false,"1536x1536":false,"2048x2048":false,"trp-custom-language-flag":false,"gform-image-choice-sm":false,"gform-image-choice-md":false,"gform-image-choice-lg":false},"uagb_author_info":{"display_name":"mentalworks","author_link":"https:\/\/francem.fr\/en\/actualite\/author\/mentalworks\/"},"uagb_comment_info":0,"uagb_excerpt":"Notre politique RSE 5 piliers forts Engagement Dans le cadre de notre politique RSE, nous nous engageons \u00e0 pr\u00e9server la sant\u00e9 et la s\u00e9curit\u00e9 de nos collaborateurs, \u00e0 r\u00e9duire notre impact environnemental, social et \u00e9thique. Nos actes et nos produits ont une influence et des r\u00e9percussions environnementales et soci\u00e9tales. Il est de notre responsabilit\u00e9 de&hellip;","_links":{"self":[{"href":"https:\/\/francem.fr\/en\/wp-json\/wp\/v2\/pages\/46","targetHints":{"allow":["GET"]}}],"collection":[{"href":"https:\/\/francem.fr\/en\/wp-json\/wp\/v2\/pages"}],"about":[{"href":"https:\/\/francem.fr\/en\/wp-json\/wp\/v2\/types\/page"}],"author":[{"embeddable":true,"href":"https:\/\/francem.fr\/en\/wp-json\/wp\/v2\/users\/1"}],"replies":[{"embeddable":true,"href":"https:\/\/francem.fr\/en\/wp-json\/wp\/v2\/comments?post=46"}],"version-history":[{"count":71,"href":"https:\/\/francem.fr\/en\/wp-json\/wp\/v2\/pages\/46\/revisions"}],"predecessor-version":[{"id":1488,"href":"https:\/\/francem.fr\/en\/wp-json\/wp\/v2\/pages\/46\/revisions\/1488"}],"up":[{"embeddable":true,"href":"https:\/\/francem.fr\/en\/wp-json\/wp\/v2\/pages\/17"}],"wp:attachment":[{"href":"https:\/\/francem.fr\/en\/wp-json\/wp\/v2\/media?parent=46"}],"curies":[{"name":"wp","href":"https:\/\/api.w.org\/{rel}","templated":true}]}}