{"id":65,"date":"2023-11-14T11:30:24","date_gmt":"2023-11-14T10:30:24","guid":{"rendered":"https:\/\/francem.local\/?page_id=65"},"modified":"2024-02-09T11:33:46","modified_gmt":"2024-02-09T10:33:46","slug":"legal-notice","status":"publish","type":"page","link":"https:\/\/francem.fr\/en\/mentions-legales\/","title":{"rendered":"Legal information"},"content":{"rendered":"<div class=\"wp-block-uagb-container uagb-block-b83a42b7 alignfull uagb-is-root-container\"><div class=\"uagb-container-inner-blocks-wrap\">\n<div class=\"wp-block-uagb-advanced-heading uagb-block-b6e26df7\"><h1 class=\"uagb-heading-text\">Legal information<\/h1><\/div>\n\n\n\n<div class=\"wp-block-uagb-advanced-heading uagb-block-7c4c6c62\"><h2 class=\"uagb-heading-text\">Presentation of the website<\/h2><\/div>\n\n\n\n<p style=\"margin-top:0;margin-bottom:0\">Pursuant to Article 6 of French Law no. 2004-575 of 21 June 2004 on confidence in the digital economy, users of the website are hereby informed that&nbsp;<a href=\"https:\/\/francem.fr\/en\/\">https:\/\/francem.fr\/<\/a>&nbsp;the identity of the various parties involved in its implementation and monitoring:<\/p>\n\n\n\n<p class=\"has-text-align-left\" style=\"margin-top:0;margin-right:0;margin-bottom:0;margin-left:0\">Site publisher: SAS FRANCEM with capital of \u20ac100,000<br>79 avenue Ren\u00e9 Firmin 60410 VERBERIE<br>Registered with the Registre du Commerce et des Soci\u00e9t\u00e9s under no. SIREN 552 090 839<br>VAT number FR51 552090839<br>Tel.: 03.44.38.62.38<br>Email :\u00a0<a href=\"mailto:contact@francem.fr\">contact@francem.fr<\/a><\/p>\n\n\n\n<p style=\"margin-top:0;margin-bottom:0\">Publication manager: Mrs Nathalie PISCHEDDA, Managing Director.<\/p>\n\n\n\n<p style=\"margin-top:0;margin-bottom:0\">Website design and production :\u00a0<a href=\"http:\/\/www.mentalworks.fr\/\">Mentalworks digital agency<\/a><\/p>\n\n\n\n<p style=\"margin-top:0;margin-bottom:0\">Hosted by : <a href=\"https:\/\/www.hostinger.fr\/\">Hostinger<\/a><\/p>\n\n\n\n<p style=\"margin-top:0;margin-bottom:0\">Data Protection Officer: Mrs Nathalie PISCHEDDA -&nbsp;<a href=\"mailto:contact@francem.fr\">contact@francem.fr<\/a>.&nbsp;<\/p>\n\n\n\n<div style=\"height:10px\" aria-hidden=\"true\" class=\"wp-block-spacer\"><\/div>\n\n\n\n<div class=\"wp-block-uagb-advanced-heading uagb-block-71939e19\"><h2 class=\"uagb-heading-text\">General terms and conditions of use of the site and the services offered<\/h2><\/div>\n\n\n\n<p style=\"margin-top:0;margin-bottom:0\">The Site constitutes an intellectual work protected by the provisions of the French Intellectual Property Code and applicable international regulations. The Customer may not in any way reuse, transfer or exploit on his own account all or part of the elements or works on the Site.<\/p>\n\n\n\n<p style=\"margin-top:0;margin-bottom:0\">Use of the site&nbsp;<a href=\"https:\/\/francem.fr\/en\/\">https:\/\/francem.fr\/<\/a>&nbsp;implies full and unreserved acceptance of the general conditions of use set out below. These conditions of use may be amended or supplemented at any time, and users of the https:\/\/francem.fr\/ website are therefore advised to consult them regularly.<\/p>\n\n\n\n<p style=\"margin-top:0;margin-bottom:0\">This website is normally accessible to users at all times. An interruption for technical maintenance reasons may however be decided by&nbsp;<a href=\"https:\/\/francem.fr\/en\/\">https:\/\/francem.fr\/<\/a>will endeavour to inform users in advance of the dates and times of the intervention. The website&nbsp;<a href=\"https:\/\/francem.fr\/en\/\">https:\/\/francem.fr\/<\/a>&nbsp;is regularly updated by&nbsp;<a href=\"https:\/\/francem.fr\/en\/\">https:\/\/francem.fr\/<\/a> responsible. In the same way, the legal notices may be modified at any time: they are nevertheless binding on the user, who is invited to refer to them as often as possible in order to familiarise himself with them.<\/p>\n\n\n\n<div style=\"height:10px\" aria-hidden=\"true\" class=\"wp-block-spacer\"><\/div>\n\n\n\n<div class=\"wp-block-uagb-advanced-heading uagb-block-b1c42eab\"><h2 class=\"uagb-heading-text\">Description of services provided<\/h2><\/div>\n\n\n\n<p style=\"margin-top:0;margin-right:0;margin-bottom:0;margin-left:0\">The purpose of this website is to provide information about all the company's activities.&nbsp;<a href=\"https:\/\/francem.fr\/en\/\">https:\/\/francem.fr\/<\/a>&nbsp;endeavours to provide on the site&nbsp;<a href=\"https:\/\/francem.fr\/en\/\">https:\/\/francem.fr\/<\/a>&nbsp;as accurate information as possible.<\/p>\n\n\n\n<p style=\"margin-top:0;margin-bottom:0;padding-top:0;padding-bottom:0\">However, it cannot be held responsible for any omissions, inaccuracies or failure to update information, whether due to its own fault or that of third-party partners who provide it with this information.<\/p>\n\n\n\n<p style=\"margin-top:0;margin-right:0;margin-bottom:0;margin-left:0\">All the information on the website&nbsp;<a href=\"https:\/\/francem.fr\/en\/\">https:\/\/francem.fr\/<\/a>&nbsp;are given for information only and are subject to change. Furthermore, the information contained on the&nbsp;<a href=\"https:\/\/francem.fr\/en\/\">https:\/\/francem.fr\/<\/a>&nbsp;are not exhaustive. They are given subject to any changes that may have been made since they were put online.<\/p>\n\n\n\n<div style=\"height:10px\" aria-hidden=\"true\" class=\"wp-block-spacer\"><\/div>\n\n\n\n<div class=\"wp-block-uagb-advanced-heading uagb-block-7d262eeb\"><h2 class=\"uagb-heading-text\"><strong>Contractual limitations on technical data.<\/strong><\/h2><\/div>\n\n\n\n<p style=\"margin-top:0;margin-bottom:0\">The site uses JavaScript technology. The website cannot be held responsible for any material damage linked to the use of the site. In addition, users of the site undertake to access the site using recent, virus-free equipment and with an up-to-date, latest-generation browser.<\/p>\n\n\n\n<p style=\"margin-top:0;margin-bottom:0\">The website\u00a0<a href=\"https:\/\/francem.fr\/en\/\">https:\/\/francem.fr\/<\/a>\u00a0is hosted by a service provider in the European Union in accordance with the provisions of the General Data Protection Regulation (RGPD: no. 2016-679). The aim is to provide a service that ensures the highest level of accessibility. The host ensures the continuity of its service 24 hours a day, every day of the year. However, it reserves the right to interrupt the hosting service for the shortest possible period of time, in particular for maintenance purposes, to improve its infrastructures, in the event of infrastructure failure or if the Services generate traffic deemed to be abnormal.<\/p>\n\n\n\n<p style=\"margin-top:0;margin-bottom:0\"><a href=\"https:\/\/francem.fr\/en\/\">https:\/\/francem.fr\/<\/a>&nbsp;and the host may not be held liable in the event of malfunction of the Internet network, telephone lines or computer and telephone equipment, particularly in the event of network congestion preventing access to the server.<\/p>\n\n\n\n<div style=\"height:10px\" aria-hidden=\"true\" class=\"wp-block-spacer\"><\/div>\n\n\n\n<div class=\"wp-block-uagb-advanced-heading uagb-block-7e4f78e4\"><h2 class=\"uagb-heading-text\"><strong>P<\/strong>ntellectual property and counterfeiting<\/h2><\/div>\n\n\n\n<p style=\"margin-top:0;margin-bottom:0\"><a href=\"https:\/\/francem.fr\/en\/\">https:\/\/francem.fr\/<\/a>&nbsp;is the owner of the intellectual property rights and holds the rights of use on all the elements accessible on the website, in particular the texts, images, graphics, logos, videos, icons and sounds. Any reproduction, representation, modification, publication or adaptation of all or part of the elements of the site, whatever the means or process used, is prohibited, except with the prior written authorisation of :&nbsp;<a href=\"https:\/\/francem.fr\/en\/\">https:\/\/francem.fr\/<\/a>.<\/p>\n\n\n\n<p style=\"margin-top:0;margin-bottom:0\">Any unauthorised use of the site or of any of the elements it contains will be considered as constituting an infringement and will be prosecuted in accordance with the provisions of articles L.335-2 et seq. of the French Intellectual Property Code.<\/p>\n\n\n\n<div style=\"height:10px\" aria-hidden=\"true\" class=\"wp-block-spacer\"><\/div>\n\n\n\n<div class=\"wp-block-uagb-advanced-heading uagb-block-4aad8949\"><h2 class=\"uagb-heading-text\"><strong>L<\/strong>imitations of liability<\/h2><\/div>\n\n\n\n<p style=\"margin-top:0;margin-bottom:0\">The company Francem, which acts as publisher of the site&nbsp;<a href=\"https:\/\/francem.fr\/en\/\">https:\/\/francem.fr\/<\/a>&nbsp;is responsible for the quality and accuracy of the content it publishes.<\/p>\n\n\n\n<p style=\"margin-top:0;margin-bottom:0\"><a href=\"https:\/\/francem.fr\/en\/\">https:\/\/francem.fr\/<\/a>&nbsp;cannot be held responsible for any direct or indirect damage caused to the user's equipment when accessing the website.&nbsp;<a href=\"https:\/\/francem.fr\/en\/\">https:\/\/francem.fr\/<\/a>This may result either from the use of equipment that does not meet the specifications indicated in point 4, or from the appearance of a bug or incompatibility.<\/p>\n\n\n\n<p style=\"margin-top:0;margin-bottom:0\"><a href=\"https:\/\/francem.fr\/en\/\">https:\/\/francem.fr\/<\/a>&nbsp;cannot be held responsible for indirect damage (such as loss of market or loss of opportunity) resulting from use of the&nbsp;<a href=\"https:\/\/francem.fr\/en\/\">https:\/\/francem.fr\/<\/a>. Interactive areas (possibility to ask questions in the contact area) are available to users.<\/p>\n\n\n\n<p style=\"margin-top:0;margin-bottom:0\"><a href=\"https:\/\/francem.fr\/en\/\">https:\/\/francem.fr\/<\/a>&nbsp;reserves the right to delete, without prior notice, any content posted in this space that contravenes the legislation applicable in France, in particular the provisions relating to data protection. Where applicable,&nbsp;<a href=\"https:\/\/francem.fr\/en\/\">https:\/\/francem.fr\/<\/a>&nbsp;also reserves the right to hold the user civilly and\/or criminally liable, particularly in the event of messages of a racist, insulting, defamatory or pornographic nature, whatever the medium used (text, photographs, etc.).<\/p>\n\n\n\n<div style=\"height:10px\" aria-hidden=\"true\" class=\"wp-block-spacer\"><\/div>\n\n\n\n<div class=\"wp-block-uagb-advanced-heading uagb-block-ac35969b\"><h2 class=\"uagb-heading-text\">Applicable law and jurisdiction<\/h2><\/div>\n\n\n\n<p style=\"margin-top:0;margin-bottom:0\">Any dispute relating to the use of the site&nbsp;<a href=\"https:\/\/francem.fr\/en\/\">https:\/\/francem.fr\/<\/a>&nbsp;is subject to French law. Except in cases where the law does not allow it, exclusive jurisdiction is given to the competent courts of Compi\u00e8gne.<\/p>\n\n\n\n<div style=\"height:25px\" aria-hidden=\"true\" class=\"wp-block-spacer\"><\/div>\n<\/div><\/div>","protected":false},"excerpt":{"rendered":"<p>Mentions l\u00e9gales Pr\u00e9sentation du site internet En vertu de l\u2019article 6 de la loi n\u00b0 2004-575 du 21 juin 2004 pour la confiance dans l\u2019\u00e9conomie num\u00e9rique, il est pr\u00e9cis\u00e9 aux utilisateurs du site internet&nbsp;https:\/\/francem.fr\/&nbsp;l\u2019identit\u00e9 des diff\u00e9rents intervenants dans le cadre de sa r\u00e9alisation et de son suivi : Editeur du site : SAS FRANCEM au [&hellip;]<\/p>\n","protected":false},"author":1,"featured_media":0,"parent":0,"menu_order":0,"comment_status":"closed","ping_status":"closed","template":"","meta":{"_acf_changed":false,"inline_featured_image":false,"_uag_custom_page_level_css":"","footnotes":""},"class_list":["post-65","page","type-page","status-publish","hentry"],"acf":[],"uagb_featured_image_src":{"full":false,"thumbnail":false,"medium":false,"medium_large":false,"large":false,"1536x1536":false,"2048x2048":false,"trp-custom-language-flag":false,"gform-image-choice-sm":false,"gform-image-choice-md":false,"gform-image-choice-lg":false},"uagb_author_info":{"display_name":"mentalworks","author_link":"https:\/\/francem.fr\/en\/actualite\/author\/mentalworks\/"},"uagb_comment_info":0,"uagb_excerpt":"Mentions l\u00e9gales Pr\u00e9sentation du site internet En vertu de l\u2019article 6 de la loi n\u00b0 2004-575 du 21 juin 2004 pour la confiance dans l\u2019\u00e9conomie num\u00e9rique, il est pr\u00e9cis\u00e9 aux utilisateurs du site internet&nbsp;https:\/\/francem.fr\/&nbsp;l\u2019identit\u00e9 des diff\u00e9rents intervenants dans le cadre de sa r\u00e9alisation et de son suivi : Editeur du site : SAS FRANCEM au&hellip;","_links":{"self":[{"href":"https:\/\/francem.fr\/en\/wp-json\/wp\/v2\/pages\/65","targetHints":{"allow":["GET"]}}],"collection":[{"href":"https:\/\/francem.fr\/en\/wp-json\/wp\/v2\/pages"}],"about":[{"href":"https:\/\/francem.fr\/en\/wp-json\/wp\/v2\/types\/page"}],"author":[{"embeddable":true,"href":"https:\/\/francem.fr\/en\/wp-json\/wp\/v2\/users\/1"}],"replies":[{"embeddable":true,"href":"https:\/\/francem.fr\/en\/wp-json\/wp\/v2\/comments?post=65"}],"version-history":[{"count":28,"href":"https:\/\/francem.fr\/en\/wp-json\/wp\/v2\/pages\/65\/revisions"}],"predecessor-version":[{"id":1262,"href":"https:\/\/francem.fr\/en\/wp-json\/wp\/v2\/pages\/65\/revisions\/1262"}],"wp:attachment":[{"href":"https:\/\/francem.fr\/en\/wp-json\/wp\/v2\/media?parent=65"}],"curies":[{"name":"wp","href":"https:\/\/api.w.org\/{rel}","templated":true}]}}