{"id":67,"date":"2023-11-14T11:30:44","date_gmt":"2023-11-14T10:30:44","guid":{"rendered":"https:\/\/francem.local\/?page_id=67"},"modified":"2024-02-09T11:45:36","modified_gmt":"2024-02-09T10:45:36","slug":"confidentiality-policy","status":"publish","type":"page","link":"https:\/\/francem.fr\/en\/politique-de-confidentialite\/","title":{"rendered":"General Data Protection Regulation (GDPR)"},"content":{"rendered":"<div class=\"wp-block-uagb-container uagb-block-79c2fa51 alignfull uagb-is-root-container\"><div class=\"uagb-container-inner-blocks-wrap\"><\/div><\/div>\n\n\n\n<div class=\"wp-block-uagb-advanced-heading uagb-block-2367306b\"><h1 class=\"uagb-heading-text\">General Data Protection Regulation (GDPR)<\/h1><\/div>\n\n\n\n<p style=\"margin-top:0;margin-bottom:0\">This website is published by&nbsp;<strong>SAS FRANCEM<\/strong>&nbsp;with share capital of \u20ac100,000<br>79 avenue Ren\u00e9 Firmin 60410 VERBERIE<br>Registered with the Registre du Commerce et des Soci\u00e9t\u00e9s under SIREN number 552 090 839<br>VAT number FR51 552090839<br>Tel.: 03.44.38.62.38<\/p>\n\n\n\n<p style=\"margin-top:0;margin-bottom:0\">Email : contact@francem.fr<\/p>\n\n\n\n<p style=\"margin-top:0;margin-bottom:0\"><strong>The publication is managed by Nathalie PISCHEDDA.<\/strong><\/p>\n\n\n\n<p style=\"margin-top:0;margin-bottom:0\">The website is hosted by :&nbsp;<a href=\"https:\/\/www.hostinger.fr\/\">Hostinger<\/a><\/p>\n\n\n\n<p style=\"margin-top:0;margin-bottom:0\">In accordance with the French Data Protection Act of 6 January 1978, as amended, this site has been registered with the CNIL.<br>The information we collect comes from the voluntary registration of an e-mail address provided by the Internet user, enabling him\/her to receive documentation and\/or to obtain information on any point whatsoever.<br>This information is not passed on to third parties.<\/p>\n\n\n\n<p style=\"margin-top:0;margin-bottom:0\">In accordance with the French Data Protection Act of 6 January 1978, you have the right to access, rectify and object to any information held about you, which may be exercised by writing to :<br>SAS FRANCEM<br>79 avenue Ren\u00e9 Firmin<br>60410 VERBERIE<br>indicating your surname, first name, full postal address and e-mail address.<\/p>\n\n\n\n<p style=\"margin-top:0;margin-bottom:0\"><strong>This entire site is subject to French and international legislation on copyright and intellectual property. Any representation, reproduction, modification or commercial use, as well as any transfer to another site, is prohibited, unless authorisation is obtained by writing to the address given above.<\/strong><\/p>\n\n\n\n<p style=\"margin-top:0;margin-bottom:0\">SAS FRANCEM is not responsible for the content of any other website linked to this site.<\/p>\n\n\n\n<p style=\"margin-top:0;margin-bottom:0\">Any individual or legal entity wishing to establish a link (address of their site) from our site must first request authorisation. With the exception of sites disseminating information and\/or content of an illegal nature and\/or of a religious, political, pornographic or xenophobic nature, the establishment of a link to our site is authorised provided that it is a link to the site's home page and that this link opens the site in a new browser window displaying the address.<\/p>\n\n\n\n<p style=\"margin-top:0;margin-bottom:0\"><strong>SAS FRANCEM nevertheless reserves the right to object.<\/strong><\/p>\n\n\n\n<p style=\"margin-top:0;margin-bottom:0\">For further information, please contact us on 03.44.38.62.38<\/p>\n\n\n\n<div style=\"height:25px\" aria-hidden=\"true\" class=\"wp-block-spacer\"><\/div>","protected":false},"excerpt":{"rendered":"<p>R\u00e8glement G\u00e9n\u00e9ral sur la Protection des Donn\u00e9es (RGPD) Ce site est \u00e9dit\u00e9 par la soci\u00e9t\u00e9&nbsp;SAS FRANCEM&nbsp;au capital de 100 000 \u20ac79 avenue Ren\u00e9 Firmin 60410 VERBERIEImmatricul\u00e9e au Registre du Commerce et des Soci\u00e9t\u00e9s sous le n\u00b0 SIREN 552 090 839N\u00b0 TVA intracommunautaire FR51 552090839T\u00e9l. : 03.44.38.62.38 Email : contact@francem.fr La direction de la publication est [&hellip;]<\/p>\n","protected":false},"author":1,"featured_media":0,"parent":0,"menu_order":0,"comment_status":"closed","ping_status":"closed","template":"","meta":{"_acf_changed":false,"inline_featured_image":false,"_uag_custom_page_level_css":"","footnotes":""},"class_list":["post-67","page","type-page","status-publish","hentry"],"acf":[],"uagb_featured_image_src":{"full":false,"thumbnail":false,"medium":false,"medium_large":false,"large":false,"1536x1536":false,"2048x2048":false,"trp-custom-language-flag":false,"gform-image-choice-sm":false,"gform-image-choice-md":false,"gform-image-choice-lg":false},"uagb_author_info":{"display_name":"mentalworks","author_link":"https:\/\/francem.fr\/en\/actualite\/author\/mentalworks\/"},"uagb_comment_info":0,"uagb_excerpt":"R\u00e8glement G\u00e9n\u00e9ral sur la Protection des Donn\u00e9es (RGPD) Ce site est \u00e9dit\u00e9 par la soci\u00e9t\u00e9&nbsp;SAS FRANCEM&nbsp;au capital de 100 000 \u20ac79 avenue Ren\u00e9 Firmin 60410 VERBERIEImmatricul\u00e9e au Registre du Commerce et des Soci\u00e9t\u00e9s sous le n\u00b0 SIREN 552 090 839N\u00b0 TVA intracommunautaire FR51 552090839T\u00e9l. : 03.44.38.62.38 Email : contact@francem.fr La direction de la publication est&hellip;","_links":{"self":[{"href":"https:\/\/francem.fr\/en\/wp-json\/wp\/v2\/pages\/67","targetHints":{"allow":["GET"]}}],"collection":[{"href":"https:\/\/francem.fr\/en\/wp-json\/wp\/v2\/pages"}],"about":[{"href":"https:\/\/francem.fr\/en\/wp-json\/wp\/v2\/types\/page"}],"author":[{"embeddable":true,"href":"https:\/\/francem.fr\/en\/wp-json\/wp\/v2\/users\/1"}],"replies":[{"embeddable":true,"href":"https:\/\/francem.fr\/en\/wp-json\/wp\/v2\/comments?post=67"}],"version-history":[{"count":9,"href":"https:\/\/francem.fr\/en\/wp-json\/wp\/v2\/pages\/67\/revisions"}],"predecessor-version":[{"id":1265,"href":"https:\/\/francem.fr\/en\/wp-json\/wp\/v2\/pages\/67\/revisions\/1265"}],"wp:attachment":[{"href":"https:\/\/francem.fr\/en\/wp-json\/wp\/v2\/media?parent=67"}],"curies":[{"name":"wp","href":"https:\/\/api.w.org\/{rel}","templated":true}]}}