{"id":696,"date":"2023-12-18T10:10:25","date_gmt":"2023-12-18T09:10:25","guid":{"rendered":"https:\/\/francem.fr\/?page_id=696"},"modified":"2024-12-09T14:13:59","modified_gmt":"2024-12-09T13:13:59","slug":"mix","status":"publish","type":"page","link":"https:\/\/francem.fr\/en\/nos-savoir-faire\/procedes-de-fabrication\/melange\/","title":{"rendered":"Mix"},"content":{"rendered":"<section class=\"wp-block-uagb-container uagb-block-7173cdb3 alignfull uagb-is-root-container\"><div class=\"uagb-container-inner-blocks-wrap\">\n<div class=\"wp-block-uagb-container uagb-block-ccf559d2\">\n<div class=\"wp-block-uagb-advanced-heading uagb-block-cd87373e\"><h1 class=\"uagb-heading-text\">Mix<\/h1><\/div>\n<\/div>\n<\/div><\/section>\n\n\n\n<section class=\"wp-block-uagb-container uagb-block-4210152c alignfull uagb-is-root-container\"><div class=\"uagb-container-inner-blocks-wrap\">\n<div class=\"wp-block-uagb-container uagb-block-2cda4c1c\">\n<div class=\"wp-block-uagb-container uagb-block-bf16277d\">\n<p class=\"has-primary-color has-text-color has-link-color has-heading-6-font-size wp-elements-faec9e1e6edeb257d91e2295a106a153\" style=\"margin-top:0px;margin-bottom:0px;font-style:normal;font-weight:600;letter-spacing:1.6px\">The competence of the people,<br>tool performance<\/p>\n\n\n\n<div class=\"wp-block-uagb-advanced-heading uagb-block-78d7d81c\"><h2 class=\"uagb-heading-text\">Mix<\/h2><\/div>\n\n\n\n<p class=\"has-black-body-color has-text-color has-link-color has-text-medium-font-size wp-elements-3ec443eb689209d09e1d96eb3d3242de\" style=\"margin-top:25px;margin-bottom:0px;font-style:normal;font-weight:500\">Our production lines enable us to produce light and black base blends, based on the various standards (FDA, AFNOR, ASC, WRAS, BFR, etc.) and customer specifications or specific formulations developed by Francem.<\/p>\n\n\n\n<p class=\"has-black-body-color has-text-color has-link-color has-text-regular-font-size wp-elements-29716a70884582c26755558f0a83b349\" style=\"margin-top:0px;margin-bottom:0px;padding-top:0px;padding-bottom:0px\">Over 2,000 tonnes of compounds are processed each year (EPDM, NBR, silicone, neoprene, etc.). Checks on viscosity, rheometry and other characteristics are validated throughout the transformation process by the Quality Department laboratory.<\/p>\n<\/div>\n\n\n\n<div class=\"wp-block-uagb-container uagb-block-001af97d\">\n<div class=\"wp-block-uagb-image alignleft uagb-block-5aa3bed0 wp-block-uagb-image--layout-default wp-block-uagb-image--effect-static wp-block-uagb-image--align-left\"><figure class=\"wp-block-uagb-image__figure\"><img decoding=\"async\" srcset=\"https:\/\/francem.fr\/app\/uploads\/2023\/12\/Melange-1.png ,https:\/\/francem.fr\/app\/uploads\/2023\/12\/Melange-1.png 780w, https:\/\/francem.fr\/app\/uploads\/2023\/12\/Melange-1.png 360w\" sizes=\"auto, (max-width: 480px) 150px\" src=\"https:\/\/francem.fr\/app\/uploads\/2023\/12\/Melange-1.png\" alt=\"\" class=\"uag-image-792\" width=\"680\" height=\"640\" title=\"\" loading=\"lazy\" role=\"img\"\/><\/figure><\/div>\n<\/div>\n<\/div>\n<\/div><\/section>\n\n\n\n<section class=\"wp-block-uagb-container uagb-block-e5ef9651 alignfull uagb-is-root-container\"><div class=\"uagb-container-inner-blocks-wrap\">\n<div class=\"wp-block-uagb-container uagb-block-1a07bdb3\">\n<div class=\"wp-block-uagb-container uagb-block-feced140\">\n<div class=\"wp-block-uagb-image uagb-block-541f9130 wp-block-uagb-image--layout-default wp-block-uagb-image--effect-static wp-block-uagb-image--align-none\"><figure class=\"wp-block-uagb-image__figure\"><img decoding=\"async\" srcset=\"https:\/\/francem.fr\/app\/uploads\/2024\/02\/Card-Jeremy-BECKERICH.jpg ,https:\/\/francem.fr\/app\/uploads\/2024\/02\/Card-Jeremy-BECKERICH.jpg 780w, https:\/\/francem.fr\/app\/uploads\/2024\/02\/Card-Jeremy-BECKERICH.jpg 360w\" sizes=\"auto, (max-width: 480px) 150px\" src=\"https:\/\/francem.fr\/app\/uploads\/2024\/02\/Card-Jeremy-BECKERICH.jpg\" alt=\"\" class=\"uag-image-1319\" width=\"330\" height=\"329\" title=\"\" loading=\"lazy\" role=\"img\"\/><\/figure><\/div>\n<\/div>\n\n\n\n<div class=\"wp-block-uagb-container uagb-block-ce775b9c\">\n<div class=\"wp-block-uagb-advanced-heading uagb-block-e909b3d8\"><h2 class=\"uagb-heading-text\">J\u00e9r\u00e9my BECKERICH<\/h2><\/div>\n\n\n\n<p class=\"has-secondary-color has-text-color has-link-color has-work-sans-font-family has-heading-6-font-size wp-elements-9bd717bcd14f6b607a669ab5bbc41078\" style=\"margin-top:10px;margin-bottom:20px;padding-top:0px;padding-bottom:0px;font-style:normal;font-weight:600\">Mixing Process Leader<\/p>\n\n\n\n<p class=\"has-black-body-color has-text-color has-link-color has-work-sans-font-family has-text-medium-font-size wp-elements-cad072ae362e17aed6b956e21cff5081\" style=\"margin-top:0px;margin-bottom:10px;padding-top:0px;padding-bottom:0px\"><strong>Mixing is the first fundamental stage in the design and manufacture of our products.&nbsp;<\/strong><\/p>\n\n\n\n<p class=\"has-black-body-color has-text-color has-link-color has-work-sans-font-family has-text-medium-font-size wp-elements-0d264bc00b9802a288f6135fe378e65f\" style=\"margin-top:0px;margin-bottom:10px;padding-top:0px;padding-bottom:0px\">When we receive the material, the rubber is white. A bit like a recipe, it is thanks to a mixture of different components that the rubber finds the colour we are all familiar with. Sometimes it can be red, yellow or even green, depending on customer requirements. It is then calendered and cut into strips of different widths and thicknesses according to the needs of our extrusion stage.&nbsp;<\/p>\n\n\n\n<p class=\"has-black-body-color has-text-color has-link-color has-work-sans-font-family has-text-medium-font-size wp-elements-c5f7e45833b9987730aa68586d30784c\" style=\"margin-top:0px;margin-bottom:10px;padding-top:0px;padding-bottom:0px\">Thanks to a meticulous process provided by our teams and precise specifications, adapted to each request, the raw material is mixed.<\/p>\n<\/div>\n<\/div>\n<\/div><\/section>\n\n\n\n<section class=\"wp-block-uagb-container uagb-block-91b83880 alignfull uagb-is-root-container\"><div class=\"uagb-container-inner-blocks-wrap\">\n<div class=\"wp-block-uagb-container uagb-block-e1761b1f\">\n<div class=\"wp-block-uagb-advanced-heading uagb-block-f617d14c\"><h2 class=\"uagb-heading-text\">Contact us now to <mark class=\"uagb-highlight\">your project.<\/mark><\/h2><\/div>\n\n\n\n<p class=\"has-text-align-center has-white-color has-text-color has-link-color has-work-sans-font-family has-l-font-size wp-elements-6a0f264e824c050ed6ad04a69dc1ae8c\" style=\"margin-top:0px;margin-bottom:0px;font-style:normal;font-weight:500\">Francem will be delighted to consider all your requests.<\/p>\n\n\n\n<div class=\"wp-block-uagb-buttons uagb-buttons__outer-wrap uagb-btn__default-btn uagb-btn-tablet__default-btn uagb-btn-mobile__default-btn uagb-block-7cd3cdd1\"><div class=\"uagb-buttons__wrap uagb-buttons-layout-wrap\">\n<div class=\"wp-block-uagb-buttons-child uagb-buttons__outer-wrap uagb-block-c42a2239 wp-block-button\"><div class=\"uagb-button__wrapper\"><a class=\"uagb-buttons-repeater wp-block-button__link\" href=\"\/en\/contact\/\" onclick=\"return true;\" rel=\"follow noopener\" target=\"_self\"><div class=\"uagb-button__link\">Contact Francem<\/div><\/a><\/div><\/div>\n<\/div><\/div>\n<\/div>\n<\/div><\/section>\n\n\n\n<section class=\"wp-block-uagb-container uagb-block-28ef982b alignfull uagb-is-root-container\"><div class=\"uagb-container-inner-blocks-wrap\">\n<div class=\"wp-block-uagb-buttons uagb-buttons__outer-wrap uagb-btn__default-btn uagb-btn-tablet__default-btn uagb-btn-mobile__default-btn uagb-block-591090c4\"><div class=\"uagb-buttons__wrap uagb-buttons-layout-wrap\">\n<div class=\"wp-block-uagb-buttons-child uagb-buttons__outer-wrap uagb-block-54e65d8d wp-block-button\"><div class=\"uagb-button__wrapper\"><a class=\"uagb-buttons-repeater wp-block-button__link\" aria-label=\"\" href=\"\/en\/our-expertise\/manufacturing-processes\/extrusion\/\" rel=\"follow noopener\" target=\"_self\" role=\"button\"><div class=\"uagb-button__link\">Extrusion<\/div><\/a><\/div><\/div>\n\n\n\n<div class=\"wp-block-uagb-buttons-child uagb-buttons__outer-wrap uagb-block-8d4fc13a wp-block-button\"><div class=\"uagb-button__wrapper\"><a class=\"uagb-buttons-repeater wp-block-button__link\" aria-label=\"\" href=\"\/en\/our-expertise\/manufacturing-processes\/finishes\/\" rel=\"follow noopener\" target=\"_self\" role=\"button\"><div class=\"uagb-button__link\">Finishes<\/div><\/a><\/div><\/div>\n<\/div><\/div>\n<\/div><\/section>","protected":false},"excerpt":{"rendered":"<p>M\u00e9lange La comp\u00e9tence des hommes,la performance des outils M\u00e9lange Nos lignes de production permettent de r\u00e9aliser les m\u00e9langes base claire et noire, \u00e0 partir des diff\u00e9rentes normes (FDA, AFNOR, ASC, WRAS, BFR&#8230;) et cahiers des charges clients ou de formulations sp\u00e9cifiques \u00e9labor\u00e9es par Francem. Ce sont plus de 2000 tonnes de m\u00e9lange qui sont transform\u00e9es [&hellip;]<\/p>\n","protected":false},"author":1,"featured_media":0,"parent":40,"menu_order":0,"comment_status":"closed","ping_status":"closed","template":"","meta":{"_acf_changed":false,"inline_featured_image":false,"_uag_custom_page_level_css":"","footnotes":""},"class_list":["post-696","page","type-page","status-publish","hentry"],"acf":[],"uagb_featured_image_src":{"full":false,"thumbnail":false,"medium":false,"medium_large":false,"large":false,"1536x1536":false,"2048x2048":false,"trp-custom-language-flag":false,"gform-image-choice-sm":false,"gform-image-choice-md":false,"gform-image-choice-lg":false},"uagb_author_info":{"display_name":"mentalworks","author_link":"https:\/\/francem.fr\/en\/actualite\/author\/mentalworks\/"},"uagb_comment_info":0,"uagb_excerpt":"M\u00e9lange La comp\u00e9tence des hommes,la performance des outils M\u00e9lange Nos lignes de production permettent de r\u00e9aliser les m\u00e9langes base claire et noire, \u00e0 partir des diff\u00e9rentes normes (FDA, AFNOR, ASC, WRAS, BFR&#8230;) et cahiers des charges clients ou de formulations sp\u00e9cifiques \u00e9labor\u00e9es par Francem. Ce sont plus de 2000 tonnes de m\u00e9lange qui sont transform\u00e9es&hellip;","_links":{"self":[{"href":"https:\/\/francem.fr\/en\/wp-json\/wp\/v2\/pages\/696","targetHints":{"allow":["GET"]}}],"collection":[{"href":"https:\/\/francem.fr\/en\/wp-json\/wp\/v2\/pages"}],"about":[{"href":"https:\/\/francem.fr\/en\/wp-json\/wp\/v2\/types\/page"}],"author":[{"embeddable":true,"href":"https:\/\/francem.fr\/en\/wp-json\/wp\/v2\/users\/1"}],"replies":[{"embeddable":true,"href":"https:\/\/francem.fr\/en\/wp-json\/wp\/v2\/comments?post=696"}],"version-history":[{"count":17,"href":"https:\/\/francem.fr\/en\/wp-json\/wp\/v2\/pages\/696\/revisions"}],"predecessor-version":[{"id":1487,"href":"https:\/\/francem.fr\/en\/wp-json\/wp\/v2\/pages\/696\/revisions\/1487"}],"up":[{"embeddable":true,"href":"https:\/\/francem.fr\/en\/wp-json\/wp\/v2\/pages\/40"}],"wp:attachment":[{"href":"https:\/\/francem.fr\/en\/wp-json\/wp\/v2\/media?parent=696"}],"curies":[{"name":"wp","href":"https:\/\/api.w.org\/{rel}","templated":true}]}}