{"id":698,"date":"2023-12-18T10:11:27","date_gmt":"2023-12-18T09:11:27","guid":{"rendered":"https:\/\/francem.fr\/?page_id=698"},"modified":"2024-12-09T14:16:25","modified_gmt":"2024-12-09T13:16:25","slug":"extrusion","status":"publish","type":"page","link":"https:\/\/francem.fr\/en\/nos-savoir-faire\/procedes-de-fabrication\/extrusion\/","title":{"rendered":"Extrusion"},"content":{"rendered":"<section class=\"wp-block-uagb-container uagb-block-7173cdb3 alignfull uagb-is-root-container\"><div class=\"uagb-container-inner-blocks-wrap\">\n<div class=\"wp-block-uagb-container uagb-block-ccf559d2\">\n<div class=\"wp-block-uagb-advanced-heading uagb-block-cd87373e\"><h1 class=\"uagb-heading-text\">Extrusion<\/h1><\/div>\n<\/div>\n<\/div><\/section>\n\n\n\n<section class=\"wp-block-uagb-container uagb-block-4210152c alignfull uagb-is-root-container\"><div class=\"uagb-container-inner-blocks-wrap\">\n<div class=\"wp-block-uagb-container uagb-block-001af97d\">\n<div class=\"wp-block-uagb-image alignleft uagb-block-5aa3bed0 wp-block-uagb-image--layout-default wp-block-uagb-image--effect-static wp-block-uagb-image--align-left\"><figure class=\"wp-block-uagb-image__figure\"><img decoding=\"async\" srcset=\"https:\/\/francem.fr\/app\/uploads\/2024\/01\/extrusion-1.jpg ,https:\/\/francem.fr\/app\/uploads\/2024\/01\/extrusion-1.jpg 780w, https:\/\/francem.fr\/app\/uploads\/2024\/01\/extrusion-1.jpg 360w\" sizes=\"auto, (max-width: 480px) 150px\" src=\"https:\/\/francem.fr\/app\/uploads\/2024\/01\/extrusion-1.jpg\" alt=\"\" class=\"uag-image-1042\" width=\"680\" height=\"640\" title=\"\" loading=\"lazy\" role=\"img\"\/><\/figure><\/div>\n<\/div>\n\n\n\n<div class=\"wp-block-uagb-container uagb-block-bf16277d\">\n<p class=\"has-secondary-color has-text-color has-link-color has-heading-6-font-size wp-elements-ed840e4987278670484bbdacb33502f2\" style=\"margin-top:0px;margin-bottom:0px;font-style:normal;font-weight:600;letter-spacing:1.6px\">The competence of the people,<br>tool performance<\/p>\n\n\n\n<div class=\"wp-block-uagb-advanced-heading uagb-block-78d7d81c\"><h2 class=\"uagb-heading-text\">Extrusion<\/h2><\/div>\n\n\n\n<p class=\"has-black-body-color has-text-color has-link-color has-text-medium-font-size wp-elements-c25367553c9d7f6973f5b223ea3cd276\" style=\"margin-top:25px;margin-bottom:0px;font-style:normal;font-weight:500\">Equipped with 4 hot air lines, a salt bath line and infrared shock ovens, our company produces over 60 million metres of extruded profiles a year, from the simplest to the most elaborate, with cross-sections ranging from 0.5 mm to 250 mm.<\/p>\n\n\n\n<ul class=\"wp-block-list has-black-body-color has-text-color has-link-color has-text-medium-font-size wp-elements-b989fbc643b970802d88ce1862f9f7cb\">\n<li>Section : From 0.5 to 80 X 250 mm<\/li>\n\n\n\n<li>Alveolar or compact<\/li>\n\n\n\n<li>Sulphur or peroxide vulcanisation<\/li>\n\n\n\n<li>Continuous camera monitoring<\/li>\n\n\n\n<li>Adhesive removal and special finish cutting<\/li>\n<\/ul>\n\n\n\n<p class=\"has-black-body-color has-text-color has-link-color has-text-regular-font-size wp-elements-5926dc9e38961a8747e056895ceb4874\" style=\"margin-top:0px;margin-bottom:0px;padding-top:0px;padding-bottom:0px\">Continuous camera checks, manual checks by operators and the line manager, and validation at every stage of production by the quality department guarantee a reliable, stable, high-performance finished product.<\/p>\n<\/div>\n<\/div><\/section>\n\n\n\n<section class=\"wp-block-uagb-container uagb-block-e5ef9651 alignfull uagb-is-root-container\"><div class=\"uagb-container-inner-blocks-wrap\">\n<div class=\"wp-block-uagb-container uagb-block-1a07bdb3\">\n<div class=\"wp-block-uagb-container uagb-block-feced140\">\n<div class=\"wp-block-uagb-image uagb-block-541f9130 wp-block-uagb-image--layout-default wp-block-uagb-image--effect-static wp-block-uagb-image--align-none\"><figure class=\"wp-block-uagb-image__figure\"><img decoding=\"async\" srcset=\"https:\/\/francem.fr\/app\/uploads\/2024\/02\/Card-Philippe-BAUDUIN.jpg ,https:\/\/francem.fr\/app\/uploads\/2024\/02\/Card-Philippe-BAUDUIN.jpg 780w, https:\/\/francem.fr\/app\/uploads\/2024\/02\/Card-Philippe-BAUDUIN.jpg 360w\" sizes=\"auto, (max-width: 480px) 150px\" src=\"https:\/\/francem.fr\/app\/uploads\/2024\/02\/Card-Philippe-BAUDUIN.jpg\" alt=\"\" class=\"uag-image-1318\" width=\"330\" height=\"329\" title=\"\" loading=\"lazy\" role=\"img\"\/><\/figure><\/div>\n<\/div>\n\n\n\n<div class=\"wp-block-uagb-container uagb-block-ce775b9c\">\n<div class=\"wp-block-uagb-advanced-heading uagb-block-e909b3d8\"><h2 class=\"uagb-heading-text\">Philippe BAUDOUIN<\/h2><\/div>\n\n\n\n<p class=\"has-secondary-color has-text-color has-link-color has-work-sans-font-family has-heading-6-font-size wp-elements-917507cadd8aef840b87d2ef120dfd34\" style=\"margin-top:10px;margin-bottom:20px;padding-top:0px;padding-bottom:0px;font-style:normal;font-weight:600\">Head of Extrusion<\/p>\n\n\n\n<p class=\"has-black-body-color has-text-color has-link-color has-work-sans-font-family has-text-medium-font-size wp-elements-61ad738717f33ae9cdc2e2ef33c14f6a\" style=\"margin-top:0px;margin-bottom:10px;padding-top:0px;padding-bottom:0px\"><strong>We work with all types of profiles (dies) and raw materials: such as cellular, compact, food mix, silicone, nitrile and those in different colours.<\/strong><\/p>\n\n\n\n<p class=\"has-black-body-color has-text-color has-link-color has-work-sans-font-family has-text-medium-font-size wp-elements-256c35b9fbf8eaa517cee5b54cf4d64e\" style=\"margin-top:0px;margin-bottom:10px;padding-top:0px;padding-bottom:0px\">We use different extruders every day: 4 hot air lines with vulcanisation, 1 salt bath line and co-extrusion.<\/p>\n\n\n\n<p class=\"has-black-body-color has-text-color has-link-color has-work-sans-font-family has-text-medium-font-size wp-elements-67a4aed6df51fa61a929fe37a20b248e\" style=\"margin-top:0px;margin-bottom:10px;padding-top:0px;padding-bottom:0px\">Our products are used in the automotive, construction and household electrical appliance industries.<\/p>\n\n\n\n<p class=\"has-black-body-color has-text-color has-link-color has-work-sans-font-family has-text-medium-font-size wp-elements-d11325652c41bfa0d2d1621c2f0e2412\" style=\"margin-top:0px;margin-bottom:10px;padding-top:0px;padding-bottom:0px\">We are proud to manufacture our products in France and work as a team to maintain our reputation for excellence, innovation and reliability.<\/p>\n<\/div>\n<\/div>\n<\/div><\/section>\n\n\n\n<section class=\"wp-block-uagb-container uagb-block-91b83880 alignfull uagb-is-root-container\"><div class=\"uagb-container-inner-blocks-wrap\">\n<div class=\"wp-block-uagb-container uagb-block-e1761b1f\">\n<div class=\"wp-block-uagb-advanced-heading uagb-block-f617d14c\"><h2 class=\"uagb-heading-text\">Contact us now to <mark class=\"uagb-highlight\">your project.<\/mark><\/h2><\/div>\n\n\n\n<p class=\"has-text-align-center has-white-color has-text-color has-link-color has-work-sans-font-family has-l-font-size wp-elements-6a0f264e824c050ed6ad04a69dc1ae8c\" style=\"margin-top:0px;margin-bottom:0px;font-style:normal;font-weight:500\">Francem will be delighted to consider all your requests.<\/p>\n\n\n\n<div class=\"wp-block-uagb-buttons uagb-buttons__outer-wrap uagb-btn__default-btn uagb-btn-tablet__default-btn uagb-btn-mobile__default-btn uagb-block-7cd3cdd1\"><div class=\"uagb-buttons__wrap uagb-buttons-layout-wrap\">\n<div class=\"wp-block-uagb-buttons-child uagb-buttons__outer-wrap uagb-block-c42a2239 wp-block-button\"><div class=\"uagb-button__wrapper\"><a class=\"uagb-buttons-repeater wp-block-button__link\" href=\"\/en\/contact\/\" onclick=\"return true;\" rel=\"follow noopener\" target=\"_self\"><div class=\"uagb-button__link\">Contact Francem<\/div><\/a><\/div><\/div>\n<\/div><\/div>\n<\/div>\n<\/div><\/section>\n\n\n\n<section class=\"wp-block-uagb-container uagb-block-28ef982b alignfull uagb-is-root-container\"><div class=\"uagb-container-inner-blocks-wrap\">\n<div class=\"wp-block-uagb-buttons uagb-buttons__outer-wrap uagb-btn__default-btn uagb-btn-tablet__default-btn uagb-btn-mobile__default-btn uagb-block-591090c4\"><div class=\"uagb-buttons__wrap uagb-buttons-layout-wrap\">\n<div class=\"wp-block-uagb-buttons-child uagb-buttons__outer-wrap uagb-block-54e65d8d wp-block-button\"><div class=\"uagb-button__wrapper\"><a class=\"uagb-buttons-repeater wp-block-button__link\" aria-label=\"\" href=\"\/en\/our-expertise\/manufacturing-processes\/mix\/\" rel=\"follow noopener\" target=\"_self\" role=\"button\"><div class=\"uagb-button__link\">Mix<\/div><\/a><\/div><\/div>\n\n\n\n<div class=\"wp-block-uagb-buttons-child uagb-buttons__outer-wrap uagb-block-8d4fc13a wp-block-button\"><div class=\"uagb-button__wrapper\"><a class=\"uagb-buttons-repeater wp-block-button__link\" aria-label=\"\" href=\"\/en\/our-expertise\/manufacturing-processes\/finishes\/\" rel=\"follow noopener\" target=\"_self\" role=\"button\"><div class=\"uagb-button__link\">Finishes<\/div><\/a><\/div><\/div>\n<\/div><\/div>\n<\/div><\/section>","protected":false},"excerpt":{"rendered":"<p>Extrusion La comp\u00e9tence des hommes,la performance des outils Extrusion Equip\u00e9e de 4 lignes d&rsquo;air chaud, d&rsquo;une ligne bain de sel et de fours \u00e0 choc infrarouge, notre soci\u00e9t\u00e9 produit plus de 60 millions de m\u00e8tres de profil\u00e9s extrud\u00e9s par an, du plus simple au plus \u00e9labor\u00e9, dont la section peut varier de 0,5 mm \u00e0 [&hellip;]<\/p>\n","protected":false},"author":1,"featured_media":0,"parent":40,"menu_order":0,"comment_status":"closed","ping_status":"closed","template":"","meta":{"_acf_changed":false,"inline_featured_image":false,"_uag_custom_page_level_css":"","footnotes":""},"class_list":["post-698","page","type-page","status-publish","hentry"],"acf":[],"uagb_featured_image_src":{"full":false,"thumbnail":false,"medium":false,"medium_large":false,"large":false,"1536x1536":false,"2048x2048":false,"trp-custom-language-flag":false,"gform-image-choice-sm":false,"gform-image-choice-md":false,"gform-image-choice-lg":false},"uagb_author_info":{"display_name":"mentalworks","author_link":"https:\/\/francem.fr\/en\/actualite\/author\/mentalworks\/"},"uagb_comment_info":0,"uagb_excerpt":"Extrusion La comp\u00e9tence des hommes,la performance des outils Extrusion Equip\u00e9e de 4 lignes d&rsquo;air chaud, d&rsquo;une ligne bain de sel et de fours \u00e0 choc infrarouge, notre soci\u00e9t\u00e9 produit plus de 60 millions de m\u00e8tres de profil\u00e9s extrud\u00e9s par an, du plus simple au plus \u00e9labor\u00e9, dont la section peut varier de 0,5 mm \u00e0&hellip;","_links":{"self":[{"href":"https:\/\/francem.fr\/en\/wp-json\/wp\/v2\/pages\/698","targetHints":{"allow":["GET"]}}],"collection":[{"href":"https:\/\/francem.fr\/en\/wp-json\/wp\/v2\/pages"}],"about":[{"href":"https:\/\/francem.fr\/en\/wp-json\/wp\/v2\/types\/page"}],"author":[{"embeddable":true,"href":"https:\/\/francem.fr\/en\/wp-json\/wp\/v2\/users\/1"}],"replies":[{"embeddable":true,"href":"https:\/\/francem.fr\/en\/wp-json\/wp\/v2\/comments?post=698"}],"version-history":[{"count":18,"href":"https:\/\/francem.fr\/en\/wp-json\/wp\/v2\/pages\/698\/revisions"}],"predecessor-version":[{"id":1489,"href":"https:\/\/francem.fr\/en\/wp-json\/wp\/v2\/pages\/698\/revisions\/1489"}],"up":[{"embeddable":true,"href":"https:\/\/francem.fr\/en\/wp-json\/wp\/v2\/pages\/40"}],"wp:attachment":[{"href":"https:\/\/francem.fr\/en\/wp-json\/wp\/v2\/media?parent=698"}],"curies":[{"name":"wp","href":"https:\/\/api.w.org\/{rel}","templated":true}]}}