{"id":700,"date":"2023-12-18T10:12:16","date_gmt":"2023-12-18T09:12:16","guid":{"rendered":"https:\/\/francem.fr\/?page_id=700"},"modified":"2024-12-09T14:16:59","modified_gmt":"2024-12-09T13:16:59","slug":"finishes","status":"publish","type":"page","link":"https:\/\/francem.fr\/en\/nos-savoir-faire\/procedes-de-fabrication\/finitions\/","title":{"rendered":"Finishes"},"content":{"rendered":"<section class=\"wp-block-uagb-container uagb-block-7173cdb3 alignfull uagb-is-root-container\"><div class=\"uagb-container-inner-blocks-wrap\">\n<div class=\"wp-block-uagb-container uagb-block-ccf559d2\">\n<div class=\"wp-block-uagb-advanced-heading uagb-block-cd87373e\"><h1 class=\"uagb-heading-text\">Finishes<\/h1><\/div>\n<\/div>\n<\/div><\/section>\n\n\n\n<section class=\"wp-block-uagb-container uagb-block-4210152c alignfull uagb-is-root-container\"><div class=\"uagb-container-inner-blocks-wrap\">\n<div class=\"wp-block-uagb-container uagb-block-2cda4c1c\">\n<div class=\"wp-block-uagb-container uagb-block-bf16277d\">\n<p class=\"has-primary-color has-text-color has-link-color has-heading-6-font-size wp-elements-faec9e1e6edeb257d91e2295a106a153\" style=\"margin-top:0px;margin-bottom:0px;font-style:normal;font-weight:600;letter-spacing:1.6px\">The competence of the people,<br>tool performance<\/p>\n\n\n\n<div class=\"wp-block-uagb-advanced-heading uagb-block-78d7d81c\"><h2 class=\"uagb-heading-text\">Adhesive bonding<\/h2><\/div>\n\n\n\n<p class=\"has-black-body-color has-text-color has-link-color has-text-medium-font-size wp-elements-05465b6d5a5d9649e410cc50c019b057\" style=\"margin-top:25px;margin-bottom:25px;font-style:normal;font-weight:500\">Double-sided or heat-sealed adhesives are applied to extruded profiles: compact, cellular or bi-material.<\/p>\n\n\n\n<p class=\"has-black-body-color has-text-color has-link-color has-text-regular-font-size wp-elements-fcbd0af255e56f36c4da29a91160202c\" style=\"margin-top:0px;margin-bottom:0px;padding-top:0px;padding-bottom:0px\">They are then cut to length or wound to length, following specific measuring, inspection and packaging procedures based on a plan drawn up to precise specifications.<br>2 double-sided dispensing lines, 4 heat-sealed dispensing lines, 1 plasma dispensing line, 1 butyl dispensing line, 9 cutters, 3 presses.<\/p>\n<\/div>\n\n\n\n<div class=\"wp-block-uagb-container uagb-block-001af97d\">\n<div class=\"wp-block-uagb-image alignleft uagb-block-5aa3bed0 wp-block-uagb-image--layout-default wp-block-uagb-image--effect-static wp-block-uagb-image--align-left\"><figure class=\"wp-block-uagb-image__figure\"><img decoding=\"async\" srcset=\"https:\/\/francem.fr\/app\/uploads\/2023\/12\/Adhesivage.jpg ,https:\/\/francem.fr\/app\/uploads\/2023\/12\/Adhesivage.jpg 780w, https:\/\/francem.fr\/app\/uploads\/2023\/12\/Adhesivage.jpg 360w\" sizes=\"auto, (max-width: 480px) 150px\" src=\"https:\/\/francem.fr\/app\/uploads\/2023\/12\/Adhesivage.jpg\" alt=\"\" class=\"uag-image-735\" width=\"680\" height=\"640\" title=\"\" loading=\"lazy\" role=\"img\"\/><\/figure><\/div>\n<\/div>\n<\/div>\n\n\n\n<div class=\"wp-block-uagb-container uagb-block-7db1a9b2\">\n<div class=\"wp-block-uagb-container uagb-block-5cd0b082\">\n<div class=\"wp-block-uagb-image alignleft uagb-block-f29cf2b4 wp-block-uagb-image--layout-default wp-block-uagb-image--effect-static wp-block-uagb-image--align-left\"><figure class=\"wp-block-uagb-image__figure\"><img decoding=\"async\" srcset=\"https:\/\/francem.fr\/app\/uploads\/2023\/12\/Collage.jpg ,https:\/\/francem.fr\/app\/uploads\/2023\/12\/Collage.jpg 780w, https:\/\/francem.fr\/app\/uploads\/2023\/12\/Collage.jpg 360w\" sizes=\"auto, (max-width: 480px) 150px\" src=\"https:\/\/francem.fr\/app\/uploads\/2023\/12\/Collage.jpg\" alt=\"\" class=\"uag-image-736\" width=\"680\" height=\"640\" title=\"\" loading=\"lazy\" role=\"img\"\/><\/figure><\/div>\n<\/div>\n\n\n\n<div class=\"wp-block-uagb-container uagb-block-fdca2085\">\n<p class=\"has-primary-color has-text-color has-link-color has-heading-6-font-size wp-elements-faec9e1e6edeb257d91e2295a106a153\" style=\"margin-top:0px;margin-bottom:0px;font-style:normal;font-weight:600;letter-spacing:1.6px\">The competence of the people,<br>tool performance<\/p>\n\n\n\n<div class=\"wp-block-uagb-advanced-heading uagb-block-99ce5b50\"><h2 class=\"uagb-heading-text\">Collage<\/h2><\/div>\n\n\n\n<p class=\"has-black-body-color has-text-color has-link-color has-text-medium-font-size wp-elements-aa8caf9816f95b1310b97d6cebbef9bc\" style=\"margin-top:25px;margin-bottom:25px;font-style:normal;font-weight:500\">The bonding sector is the final stage in the production of our products.<\/p>\n\n\n\n<p class=\"has-black-body-color has-text-color has-link-color has-text-regular-font-size wp-elements-80549cb257fab7c5dd9d0f405fb79f10\" style=\"margin-top:0px;margin-bottom:0px;padding-top:0px;padding-bottom:0px\">Without any technological intervention, it's thanks to meticulous manual work and the know-how of our team that our products are glued \"end to end\" to give them a circular shape.<br>Sometimes our products are first sent to the adhesive sector before reaching the gluing sector, demonstrating the collaboration between these two finishing processes.<\/p>\n<\/div>\n<\/div>\n<\/div><\/section>\n\n\n\n<section class=\"wp-block-uagb-container uagb-block-e5ef9651 alignfull uagb-is-root-container\"><div class=\"uagb-container-inner-blocks-wrap\">\n<div class=\"wp-block-uagb-container uagb-block-1a07bdb3\">\n<div class=\"wp-block-uagb-container uagb-block-feced140\">\n<div class=\"wp-block-uagb-image uagb-block-541f9130 wp-block-uagb-image--layout-default wp-block-uagb-image--effect-static wp-block-uagb-image--align-none\"><figure class=\"wp-block-uagb-image__figure\"><img decoding=\"async\" srcset=\"https:\/\/francem.fr\/app\/uploads\/2024\/02\/Card-Nathalie-BIDZINSKI.jpg ,https:\/\/francem.fr\/app\/uploads\/2024\/02\/Card-Nathalie-BIDZINSKI.jpg 780w, https:\/\/francem.fr\/app\/uploads\/2024\/02\/Card-Nathalie-BIDZINSKI.jpg 360w\" sizes=\"auto, (max-width: 480px) 150px\" src=\"https:\/\/francem.fr\/app\/uploads\/2024\/02\/Card-Nathalie-BIDZINSKI.jpg\" alt=\"\" class=\"uag-image-1317\" width=\"330\" height=\"329\" title=\"\" loading=\"lazy\" role=\"img\"\/><\/figure><\/div>\n<\/div>\n\n\n\n<div class=\"wp-block-uagb-container uagb-block-ce775b9c\">\n<div class=\"wp-block-uagb-advanced-heading uagb-block-e909b3d8\"><h2 class=\"uagb-heading-text\">Nathalie BIDZINSKI<\/h2><\/div>\n\n\n\n<p class=\"has-secondary-color has-text-color has-link-color has-work-sans-font-family has-heading-6-font-size wp-elements-394cdaf2bd1961400b36aaad3166814f\" style=\"margin-top:10px;margin-bottom:20px;padding-top:0px;padding-bottom:0px;font-style:normal;font-weight:600\">Finishing Manager<\/p>\n\n\n\n<p class=\"has-black-body-color has-text-color has-link-color has-work-sans-font-family has-text-medium-font-size wp-elements-7a717a853c20c3a3d5a748e91cf19100\" style=\"margin-top:0px;margin-bottom:10px;padding-top:0px;padding-bottom:0px\"><strong>The technical expertise, commitment and know-how of our staff mean that the team is strongly committed to complying with procedures and processes.<\/strong><\/p>\n\n\n\n<p class=\"has-black-body-color has-text-color has-link-color has-work-sans-font-family has-text-medium-font-size wp-elements-d03bfdde9c96073ec2c895dfbe8a0953\" style=\"margin-top:0px;margin-bottom:10px;padding-top:0px;padding-bottom:0px\">With the tools and technical resources we have at our disposal, we can meet the quality requirements set out in our customers' specifications, while complying with safety instructions for our employees.<\/p>\n\n\n\n<p class=\"has-black-body-color has-text-color has-link-color has-work-sans-font-family has-text-medium-font-size wp-elements-be6c44e9e23515a1ba1af7e599f4b8ca\" style=\"margin-top:0px;margin-bottom:10px;padding-top:0px;padding-bottom:0px\">Sharing knowledge through ongoing training also ensures that Francem's expertise is maintained over the long term.<\/p>\n<\/div>\n<\/div>\n\n\n\n<div class=\"wp-block-uagb-container uagb-block-0955a166\">\n<div class=\"wp-block-uagb-container uagb-block-b7016034\">\n<div class=\"wp-block-uagb-image uagb-block-f5b14f62 wp-block-uagb-image--layout-default wp-block-uagb-image--effect-static wp-block-uagb-image--align-none\"><figure class=\"wp-block-uagb-image__figure\"><img decoding=\"async\" srcset=\"https:\/\/francem.fr\/app\/uploads\/2024\/02\/Card-Alison-DESAINTJEAN.jpg ,https:\/\/francem.fr\/app\/uploads\/2024\/02\/Card-Alison-DESAINTJEAN.jpg 780w, https:\/\/francem.fr\/app\/uploads\/2024\/02\/Card-Alison-DESAINTJEAN.jpg 360w\" sizes=\"auto, (max-width: 480px) 150px\" src=\"https:\/\/francem.fr\/app\/uploads\/2024\/02\/Card-Alison-DESAINTJEAN.jpg\" alt=\"\" class=\"uag-image-1316\" width=\"330\" height=\"329\" title=\"\" loading=\"lazy\" role=\"img\"\/><\/figure><\/div>\n<\/div>\n\n\n\n<div class=\"wp-block-uagb-container uagb-block-1625126a\">\n<div class=\"wp-block-uagb-advanced-heading uagb-block-2cefc46f\"><h2 class=\"uagb-heading-text\">Alison DESAINTJEAN<\/h2><\/div>\n\n\n\n<p class=\"has-secondary-color has-text-color has-link-color has-work-sans-font-family has-heading-6-font-size wp-elements-136e8b10104e0e25f4c6c6038b32c85b\" style=\"margin-top:10px;margin-bottom:20px;padding-top:0px;padding-bottom:0px;font-style:normal;font-weight:600\">Gluing Manager<\/p>\n\n\n\n<p class=\"has-black-body-color has-text-color has-link-color has-work-sans-font-family has-text-medium-font-size wp-elements-df6bf0bc5af46d6ffd8595b30f3ff3b6\" style=\"margin-top:0px;margin-bottom:10px;padding-top:0px;padding-bottom:0px\"><strong>The Francem gluing service uses an exclusively manual method of operation.<\/strong><\/p>\n\n\n\n<p class=\"has-black-body-color has-text-color has-link-color has-work-sans-font-family has-text-medium-font-size wp-elements-6a8de0d39d2ba9cd6ad0d5e5d0808349\" style=\"margin-top:0px;margin-bottom:10px;padding-top:0px;padding-bottom:0px\">Whether using fast-setting adhesives (cyano) or latex glue (for a softer bonding point), we put our know-how and meticulousness to work to guarantee the highest level of quality.<\/p>\n\n\n\n<p class=\"has-black-body-color has-text-color has-link-color has-work-sans-font-family has-text-medium-font-size wp-elements-83cf10e23590d21b09fcb4e5b0bcd072\" style=\"margin-top:0px;margin-bottom:10px;padding-top:0px;padding-bottom:0px\">The flexibility and experience of our team means we can respond and adapt to our customers' needs.<\/p>\n<\/div>\n<\/div>\n<\/div><\/section>\n\n\n\n<section class=\"wp-block-uagb-container uagb-block-91b83880 alignfull uagb-is-root-container\"><div class=\"uagb-container-inner-blocks-wrap\">\n<div class=\"wp-block-uagb-container uagb-block-e1761b1f\">\n<div class=\"wp-block-uagb-advanced-heading uagb-block-f617d14c\"><h2 class=\"uagb-heading-text\">Contact us now to <mark class=\"uagb-highlight\">your project.<\/mark><\/h2><\/div>\n\n\n\n<p class=\"has-text-align-center has-white-color has-text-color has-link-color has-work-sans-font-family has-l-font-size wp-elements-6a0f264e824c050ed6ad04a69dc1ae8c\" style=\"margin-top:0px;margin-bottom:0px;font-style:normal;font-weight:500\">Francem will be delighted to consider all your requests.<\/p>\n\n\n\n<div class=\"wp-block-uagb-buttons uagb-buttons__outer-wrap uagb-btn__default-btn uagb-btn-tablet__default-btn uagb-btn-mobile__default-btn uagb-block-7cd3cdd1\"><div class=\"uagb-buttons__wrap uagb-buttons-layout-wrap\">\n<div class=\"wp-block-uagb-buttons-child uagb-buttons__outer-wrap uagb-block-c42a2239 wp-block-button\"><div class=\"uagb-button__wrapper\"><a class=\"uagb-buttons-repeater wp-block-button__link\" href=\"\/en\/contact\/\" onclick=\"return true;\" rel=\"follow noopener\" target=\"_self\"><div class=\"uagb-button__link\">Contact Francem<\/div><\/a><\/div><\/div>\n<\/div><\/div>\n<\/div>\n<\/div><\/section>\n\n\n\n<section class=\"wp-block-uagb-container uagb-block-28ef982b alignfull uagb-is-root-container\"><div class=\"uagb-container-inner-blocks-wrap\">\n<div class=\"wp-block-uagb-buttons uagb-buttons__outer-wrap uagb-btn__default-btn uagb-btn-tablet__default-btn uagb-btn-mobile__default-btn uagb-block-591090c4\"><div class=\"uagb-buttons__wrap uagb-buttons-layout-wrap\">\n<div class=\"wp-block-uagb-buttons-child uagb-buttons__outer-wrap uagb-block-54e65d8d wp-block-button\"><div class=\"uagb-button__wrapper\"><a class=\"uagb-buttons-repeater wp-block-button__link\" aria-label=\"\" href=\"\/en\/our-expertise\/manufacturing-processes\/extrusion\/\" rel=\"follow noopener\" target=\"_self\" role=\"button\"><div class=\"uagb-button__link\">Extrusion<\/div><\/a><\/div><\/div>\n\n\n\n<div class=\"wp-block-uagb-buttons-child uagb-buttons__outer-wrap uagb-block-8d4fc13a wp-block-button\"><div class=\"uagb-button__wrapper\"><a class=\"uagb-buttons-repeater wp-block-button__link\" aria-label=\"\" href=\"\/en\/our-expertise\/manufacturing-processes\/mix\/\" rel=\"follow noopener\" target=\"_self\" role=\"button\"><div class=\"uagb-button__link\">Mix<\/div><\/a><\/div><\/div>\n<\/div><\/div>\n<\/div><\/section>","protected":false},"excerpt":{"rendered":"<p>Finitions La comp\u00e9tence des hommes,la performance des outils L\u2019adh\u00e9sivage Des adh\u00e9sifs, double-face ou thermo-soud\u00e9s, sont d\u00e9pos\u00e9s sur des profil\u00e9s extrud\u00e9s : compact, cellulaire ou bi-mati\u00e8re. Ils sont ensuite coup\u00e9s \u00e0 longueur ou enroul\u00e9s au m\u00e9trage, en respectant un suivi de mesure, de contr\u00f4le et de conditionnement sp\u00e9cifique en fonction d\u2019un plan \u00e9tabli selon un cahier [&hellip;]<\/p>\n","protected":false},"author":1,"featured_media":0,"parent":40,"menu_order":0,"comment_status":"closed","ping_status":"closed","template":"","meta":{"_acf_changed":false,"inline_featured_image":false,"_uag_custom_page_level_css":"","footnotes":""},"class_list":["post-700","page","type-page","status-publish","hentry"],"acf":[],"uagb_featured_image_src":{"full":false,"thumbnail":false,"medium":false,"medium_large":false,"large":false,"1536x1536":false,"2048x2048":false,"trp-custom-language-flag":false,"gform-image-choice-sm":false,"gform-image-choice-md":false,"gform-image-choice-lg":false},"uagb_author_info":{"display_name":"mentalworks","author_link":"https:\/\/francem.fr\/en\/actualite\/author\/mentalworks\/"},"uagb_comment_info":0,"uagb_excerpt":"Finitions La comp\u00e9tence des hommes,la performance des outils L\u2019adh\u00e9sivage Des adh\u00e9sifs, double-face ou thermo-soud\u00e9s, sont d\u00e9pos\u00e9s sur des profil\u00e9s extrud\u00e9s : compact, cellulaire ou bi-mati\u00e8re. Ils sont ensuite coup\u00e9s \u00e0 longueur ou enroul\u00e9s au m\u00e9trage, en respectant un suivi de mesure, de contr\u00f4le et de conditionnement sp\u00e9cifique en fonction d\u2019un plan \u00e9tabli selon un cahier&hellip;","_links":{"self":[{"href":"https:\/\/francem.fr\/en\/wp-json\/wp\/v2\/pages\/700","targetHints":{"allow":["GET"]}}],"collection":[{"href":"https:\/\/francem.fr\/en\/wp-json\/wp\/v2\/pages"}],"about":[{"href":"https:\/\/francem.fr\/en\/wp-json\/wp\/v2\/types\/page"}],"author":[{"embeddable":true,"href":"https:\/\/francem.fr\/en\/wp-json\/wp\/v2\/users\/1"}],"replies":[{"embeddable":true,"href":"https:\/\/francem.fr\/en\/wp-json\/wp\/v2\/comments?post=700"}],"version-history":[{"count":22,"href":"https:\/\/francem.fr\/en\/wp-json\/wp\/v2\/pages\/700\/revisions"}],"predecessor-version":[{"id":1490,"href":"https:\/\/francem.fr\/en\/wp-json\/wp\/v2\/pages\/700\/revisions\/1490"}],"up":[{"embeddable":true,"href":"https:\/\/francem.fr\/en\/wp-json\/wp\/v2\/pages\/40"}],"wp:attachment":[{"href":"https:\/\/francem.fr\/en\/wp-json\/wp\/v2\/media?parent=700"}],"curies":[{"name":"wp","href":"https:\/\/api.w.org\/{rel}","templated":true}]}}