{"id":483,"date":"2023-11-21T15:20:08","date_gmt":"2023-11-21T14:20:08","guid":{"rendered":"https:\/\/francem.local\/?post_type=product&#038;p=483"},"modified":"2024-02-16T13:54:13","modified_gmt":"2024-02-16T12:54:13","slug":"adhesive-joints","status":"publish","type":"product","link":"https:\/\/francem.fr\/en\/nos-produits\/joints-adhesifs\/","title":{"rendered":"Adhesive Seals"},"featured_media":883,"template":"","meta":{"_acf_changed":false,"inline_featured_image":false,"_uag_custom_page_level_css":""},"product-range":[11],"class_list":["post-483","product","type-product","status-publish","has-post-thumbnail","hentry","product-range-gamme-2"],"acf":[],"uagb_featured_image_src":{"full":["https:\/\/francem.fr\/app\/uploads\/2023\/11\/thumbnail-adhesifs.jpg",404,250,false],"thumbnail":["https:\/\/francem.fr\/app\/uploads\/2023\/11\/thumbnail-adhesifs-150x150.jpg",150,150,true],"medium":["https:\/\/francem.fr\/app\/uploads\/2023\/11\/thumbnail-adhesifs-300x186.jpg",300,186,true],"medium_large":["https:\/\/francem.fr\/app\/uploads\/2023\/11\/thumbnail-adhesifs.jpg",404,250,false],"large":["https:\/\/francem.fr\/app\/uploads\/2023\/11\/thumbnail-adhesifs.jpg",404,250,false],"1536x1536":["https:\/\/francem.fr\/app\/uploads\/2023\/11\/thumbnail-adhesifs.jpg",404,250,false],"2048x2048":["https:\/\/francem.fr\/app\/uploads\/2023\/11\/thumbnail-adhesifs.jpg",404,250,false],"trp-custom-language-flag":["https:\/\/francem.fr\/app\/uploads\/2023\/11\/thumbnail-adhesifs-18x12.jpg",18,12,true],"gform-image-choice-sm":["https:\/\/francem.fr\/app\/uploads\/2023\/11\/thumbnail-adhesifs.jpg",300,186,false],"gform-image-choice-md":["https:\/\/francem.fr\/app\/uploads\/2023\/11\/thumbnail-adhesifs.jpg",400,248,false],"gform-image-choice-lg":["https:\/\/francem.fr\/app\/uploads\/2023\/11\/thumbnail-adhesifs.jpg",404,250,false]},"uagb_author_info":{"display_name":"mentalworks","author_link":"https:\/\/francem.fr\/en\/actualite\/author\/"},"uagb_comment_info":0,"uagb_excerpt":"Joints Adh\u00e9sifs Joints adh\u00e9sifs Le mastic butyl offre une multitude d\u2019utilisation gr\u00e2ce \u00e0 ses propri\u00e9t\u00e9s d\u2019\u00e9tanch\u00e9it\u00e9, de fixation, de souplesse et de non transfert de migration de mati\u00e8re vers les supports. Une solution anti fuite convaincante pour les ing\u00e9nieurs \u0153uvrant dans la haute technologie autant que pour ceux qui exigent des r\u00e9sultats parfaits au quotidien.","_links":{"self":[{"href":"https:\/\/francem.fr\/en\/wp-json\/wp\/v2\/product\/483","targetHints":{"allow":["GET"]}}],"collection":[{"href":"https:\/\/francem.fr\/en\/wp-json\/wp\/v2\/product"}],"about":[{"href":"https:\/\/francem.fr\/en\/wp-json\/wp\/v2\/types\/product"}],"wp:featuredmedia":[{"embeddable":true,"href":"https:\/\/francem.fr\/en\/wp-json\/wp\/v2\/media\/883"}],"wp:attachment":[{"href":"https:\/\/francem.fr\/en\/wp-json\/wp\/v2\/media?parent=483"}],"wp:term":[{"taxonomy":"product-range","embeddable":true,"href":"https:\/\/francem.fr\/en\/wp-json\/wp\/v2\/product-range?post=483"}],"curies":[{"name":"wp","href":"https:\/\/api.w.org\/{rel}","templated":true}]}}