{"id":486,"date":"2023-11-21T15:20:44","date_gmt":"2023-11-21T14:20:44","guid":{"rendered":"https:\/\/francem.local\/?post_type=product&#038;p=486"},"modified":"2024-02-16T13:19:38","modified_gmt":"2024-02-16T12:19:38","slug":"bi-material-seal","status":"publish","type":"product","link":"https:\/\/francem.fr\/en\/nos-produits\/joint-bi-matiere\/","title":{"rendered":"Bi-material seal"},"featured_media":880,"template":"","meta":{"_acf_changed":false,"inline_featured_image":false,"_uag_custom_page_level_css":""},"product-range":[14],"class_list":["post-486","product","type-product","status-publish","has-post-thumbnail","hentry","product-range-gamme-5"],"acf":[],"uagb_featured_image_src":{"full":["https:\/\/francem.fr\/app\/uploads\/2023\/11\/thumbnail-joint-bi-matiere.jpg",404,250,false],"thumbnail":["https:\/\/francem.fr\/app\/uploads\/2023\/11\/thumbnail-joint-bi-matiere-150x150.jpg",150,150,true],"medium":["https:\/\/francem.fr\/app\/uploads\/2023\/11\/thumbnail-joint-bi-matiere-300x186.jpg",300,186,true],"medium_large":["https:\/\/francem.fr\/app\/uploads\/2023\/11\/thumbnail-joint-bi-matiere.jpg",404,250,false],"large":["https:\/\/francem.fr\/app\/uploads\/2023\/11\/thumbnail-joint-bi-matiere.jpg",404,250,false],"1536x1536":["https:\/\/francem.fr\/app\/uploads\/2023\/11\/thumbnail-joint-bi-matiere.jpg",404,250,false],"2048x2048":["https:\/\/francem.fr\/app\/uploads\/2023\/11\/thumbnail-joint-bi-matiere.jpg",404,250,false],"trp-custom-language-flag":["https:\/\/francem.fr\/app\/uploads\/2023\/11\/thumbnail-joint-bi-matiere-18x12.jpg",18,12,true],"gform-image-choice-sm":["https:\/\/francem.fr\/app\/uploads\/2023\/11\/thumbnail-joint-bi-matiere.jpg",300,186,false],"gform-image-choice-md":["https:\/\/francem.fr\/app\/uploads\/2023\/11\/thumbnail-joint-bi-matiere.jpg",400,248,false],"gform-image-choice-lg":["https:\/\/francem.fr\/app\/uploads\/2023\/11\/thumbnail-joint-bi-matiere.jpg",404,250,false]},"uagb_author_info":{"display_name":"mentalworks","author_link":"https:\/\/francem.fr\/en\/actualite\/author\/"},"uagb_comment_info":0,"uagb_excerpt":"Joint bi-mati\u00e8re Joint bi-mati\u00e8re Produit \u00e0 partir d\u2019une mati\u00e8re cellulaire et compacte, ce processus offre des solutions d&rsquo;accroche et d\u2019\u00e9tanch\u00e9it\u00e9, surtout utilis\u00e9 pour les protections de rebord de t\u00f4les et l\u2019\u00e9tanch\u00e9it\u00e9 dynamique.","_links":{"self":[{"href":"https:\/\/francem.fr\/en\/wp-json\/wp\/v2\/product\/486","targetHints":{"allow":["GET"]}}],"collection":[{"href":"https:\/\/francem.fr\/en\/wp-json\/wp\/v2\/product"}],"about":[{"href":"https:\/\/francem.fr\/en\/wp-json\/wp\/v2\/types\/product"}],"wp:featuredmedia":[{"embeddable":true,"href":"https:\/\/francem.fr\/en\/wp-json\/wp\/v2\/media\/880"}],"wp:attachment":[{"href":"https:\/\/francem.fr\/en\/wp-json\/wp\/v2\/media?parent=486"}],"wp:term":[{"taxonomy":"product-range","embeddable":true,"href":"https:\/\/francem.fr\/en\/wp-json\/wp\/v2\/product-range?post=486"}],"curies":[{"name":"wp","href":"https:\/\/api.w.org\/{rel}","templated":true}]}}