{"id":487,"date":"2023-11-21T15:20:56","date_gmt":"2023-11-21T14:20:56","guid":{"rendered":"https:\/\/francem.local\/?post_type=product&#038;p=487"},"modified":"2024-03-05T10:48:37","modified_gmt":"2024-03-05T09:48:37","slug":"recovery-process","status":"publish","type":"product","link":"https:\/\/francem.fr\/en\/nos-produits\/processus-de-reprise\/","title":{"rendered":"Finishing process"},"featured_media":879,"template":"","meta":{"_acf_changed":false,"inline_featured_image":false,"_uag_custom_page_level_css":""},"product-range":[15],"class_list":["post-487","product","type-product","status-publish","has-post-thumbnail","hentry","product-range-gamme-6"],"acf":[],"uagb_featured_image_src":{"full":["https:\/\/francem.fr\/app\/uploads\/2023\/11\/thumbnail-processus-de-reprise.jpg",404,250,false],"thumbnail":["https:\/\/francem.fr\/app\/uploads\/2023\/11\/thumbnail-processus-de-reprise-150x150.jpg",150,150,true],"medium":["https:\/\/francem.fr\/app\/uploads\/2023\/11\/thumbnail-processus-de-reprise-300x186.jpg",300,186,true],"medium_large":["https:\/\/francem.fr\/app\/uploads\/2023\/11\/thumbnail-processus-de-reprise.jpg",404,250,false],"large":["https:\/\/francem.fr\/app\/uploads\/2023\/11\/thumbnail-processus-de-reprise.jpg",404,250,false],"1536x1536":["https:\/\/francem.fr\/app\/uploads\/2023\/11\/thumbnail-processus-de-reprise.jpg",404,250,false],"2048x2048":["https:\/\/francem.fr\/app\/uploads\/2023\/11\/thumbnail-processus-de-reprise.jpg",404,250,false],"trp-custom-language-flag":["https:\/\/francem.fr\/app\/uploads\/2023\/11\/thumbnail-processus-de-reprise-18x12.jpg",18,12,true],"gform-image-choice-sm":["https:\/\/francem.fr\/app\/uploads\/2023\/11\/thumbnail-processus-de-reprise.jpg",300,186,false],"gform-image-choice-md":["https:\/\/francem.fr\/app\/uploads\/2023\/11\/thumbnail-processus-de-reprise.jpg",400,248,false],"gform-image-choice-lg":["https:\/\/francem.fr\/app\/uploads\/2023\/11\/thumbnail-processus-de-reprise.jpg",404,250,false]},"uagb_author_info":{"display_name":"mentalworks","author_link":"https:\/\/francem.fr\/en\/actualite\/author\/"},"uagb_comment_info":0,"uagb_excerpt":"Processus de reprise Processus de reprise Le module robotis\u00e9 permettant une d\u00e9coupe en deux axes (avec diff\u00e9rents degr\u00e9s). Les produits avec traitement plasma Les produits avec marquage laser Les produits avec marquage au jet d\u2019encre (photo \u00e0 venir)","_links":{"self":[{"href":"https:\/\/francem.fr\/en\/wp-json\/wp\/v2\/product\/487","targetHints":{"allow":["GET"]}}],"collection":[{"href":"https:\/\/francem.fr\/en\/wp-json\/wp\/v2\/product"}],"about":[{"href":"https:\/\/francem.fr\/en\/wp-json\/wp\/v2\/types\/product"}],"wp:featuredmedia":[{"embeddable":true,"href":"https:\/\/francem.fr\/en\/wp-json\/wp\/v2\/media\/879"}],"wp:attachment":[{"href":"https:\/\/francem.fr\/en\/wp-json\/wp\/v2\/media?parent=487"}],"wp:term":[{"taxonomy":"product-range","embeddable":true,"href":"https:\/\/francem.fr\/en\/wp-json\/wp\/v2\/product-range?post=487"}],"curies":[{"name":"wp","href":"https:\/\/api.w.org\/{rel}","templated":true}]}}